{"id":8850,"date":"2015-07-13T08:41:27","date_gmt":"2015-07-13T08:41:27","guid":{"rendered":"https:\/\/idro.es\/maquila-hpp-tolling\/"},"modified":"2023-10-04T13:16:35","modified_gmt":"2023-10-04T13:16:35","slug":"pagamento-a-sua-medida","status":"publish","type":"page","link":"https:\/\/idro.es\/pt-pt\/pagamento-a-sua-medida\/","title":{"rendered":"Pagamento \u00e0 sua medida"},"content":{"rendered":"\t\t<div data-elementor-type=\"wp-page\" data-elementor-id=\"8850\" class=\"elementor elementor-8850 elementor-3198\" data-elementor-post-type=\"page\">\n\t\t\t\t\t\t<section class=\"elementor-section elementor-top-section elementor-element elementor-element-7566b29 elementor-section-content-middle elementor-section-boxed elementor-section-height-default elementor-section-height-default qodef-elementor-content-no\" data-id=\"7566b29\" data-element_type=\"section\" data-e-type=\"section\">\n\t\t\t\t\t\t<div class=\"elementor-container elementor-column-gap-default\">\n\t\t\t\t\t<div class=\"elementor-column elementor-col-100 elementor-top-column elementor-element elementor-element-edc11c6\" data-id=\"edc11c6\" data-element_type=\"column\" data-e-type=\"column\">\n\t\t\t<div class=\"elementor-widget-wrap elementor-element-populated\">\n\t\t\t\t\t\t<div class=\"elementor-element elementor-element-2b9a716 elementor-widget elementor-widget-heading\" data-id=\"2b9a716\" data-element_type=\"widget\" data-e-type=\"widget\" data-widget_type=\"heading.default\">\n\t\t\t\t<div class=\"elementor-widget-container\">\n\t\t\t\t\t<h1 class=\"elementor-heading-title elementor-size-default\">Tolling<\/h1>\t\t\t\t<\/div>\n\t\t\t\t<\/div>\n\t\t\t\t<div class=\"elementor-element elementor-element-622bdd4 elementor-widget elementor-widget-heading\" data-id=\"622bdd4\" data-element_type=\"widget\" data-e-type=\"widget\" data-widget_type=\"heading.default\">\n\t\t\t\t<div class=\"elementor-widget-container\">\n\t\t\t\t\t<h2 class=\"elementor-heading-title elementor-size-default\">A melhor estrat\u00e9gia para ganhar competitividade<\/h2>\t\t\t\t<\/div>\n\t\t\t\t<\/div>\n\t\t\t\t<div class=\"elementor-element elementor-element-23cdd74 elementor-widget elementor-widget-webon_core_icon\" data-id=\"23cdd74\" data-element_type=\"widget\" data-e-type=\"widget\" data-widget_type=\"webon_core_icon.default\">\n\t\t\t\t<div class=\"elementor-widget-container\">\n\t\t\t\t\t<span class=\"qodef-shortcode qodef-m qodef-icon-holder qodef-size--small qodef-layout--normal\"  >\n\t        <span class=\"qodef-icon-font-awesome fa fa-bullseye qodef-icon qodef-e\" style=\"color: #000000\" ><\/span>    <\/span>\t\t\t\t<\/div>\n\t\t\t\t<\/div>\n\t\t\t\t<div class=\"elementor-element elementor-element-c7d17fa elementor-widget elementor-widget-text-editor\" data-id=\"c7d17fa\" data-element_type=\"widget\" data-e-type=\"widget\" data-widget_type=\"text-editor.default\">\n\t\t\t\t<div class=\"elementor-widget-container\">\n\t\t\t\t\t\t\t\t\t<p>O nosso servi\u00e7o de <strong>Outsourcing de Altas Press\u00f5es<\/strong><br \/>permite-nos oferecer-lhe uma solu\u00e7\u00e3o integral sem necessidade de grandes investimentos,<br \/>permitindo-lhe concentrar-se no seu core business,<br \/>potenciar a sua competitividade e alcan\u00e7ar novos mercados.<\/p>\t\t\t\t\t\t\t\t<\/div>\n\t\t\t\t<\/div>\n\t\t\t\t\t<\/div>\n\t\t<\/div>\n\t\t\t\t\t<\/div>\n\t\t<\/section>\n\t\t\t\t<section class=\"elementor-section elementor-top-section elementor-element elementor-element-db92fd8 elementor-section-full_width elementor-section-stretched elementor-section-height-default elementor-section-height-default qodef-elementor-content-no\" data-id=\"db92fd8\" data-element_type=\"section\" data-e-type=\"section\" data-settings=\"{&quot;stretch_section&quot;:&quot;section-stretched&quot;,&quot;background_background&quot;:&quot;classic&quot;}\">\n\t\t\t\t\t\t<div class=\"elementor-container elementor-column-gap-default\">\n\t\t\t\t\t<div class=\"elementor-column elementor-col-50 elementor-top-column elementor-element elementor-element-d06a0de\" data-id=\"d06a0de\" data-element_type=\"column\" data-e-type=\"column\">\n\t\t\t<div class=\"elementor-widget-wrap elementor-element-populated\">\n\t\t\t\t\t\t<div class=\"elementor-element elementor-element-7038f2f elementor-widget elementor-widget-image\" data-id=\"7038f2f\" data-element_type=\"widget\" data-e-type=\"widget\" data-widget_type=\"image.default\">\n\t\t\t\t<div class=\"elementor-widget-container\">\n\t\t\t\t\t\t\t\t\t\t\t\t\t\t\t<img fetchpriority=\"high\" decoding=\"async\" width=\"975\" height=\"560\" src=\"https:\/\/idro.es\/wp-content\/uploads\/2015\/07\/maquinaHPP2.jpg\" class=\"attachment-full size-full wp-image-8866\" alt=\"servicio tollin o maquila\" srcset=\"https:\/\/idro.es\/wp-content\/uploads\/2015\/07\/maquinaHPP2.jpg 975w, https:\/\/idro.es\/wp-content\/uploads\/2015\/07\/maquinaHPP2-300x172.jpg 300w\" sizes=\"(max-width: 975px) 100vw, 975px\" \/>\t\t\t\t\t\t\t\t\t\t\t\t\t\t\t<\/div>\n\t\t\t\t<\/div>\n\t\t\t\t\t<\/div>\n\t\t<\/div>\n\t\t\t\t<div class=\"elementor-column elementor-col-50 elementor-top-column elementor-element elementor-element-23a0e67\" data-id=\"23a0e67\" data-element_type=\"column\" data-e-type=\"column\">\n\t\t\t<div class=\"elementor-widget-wrap elementor-element-populated\">\n\t\t\t\t\t\t<div class=\"elementor-element elementor-element-8690cae elementor-widget elementor-widget-text-editor\" data-id=\"8690cae\" data-element_type=\"widget\" data-e-type=\"widget\" data-widget_type=\"text-editor.default\">\n\t\t\t\t<div class=\"elementor-widget-container\">\n\t\t\t\t\t\t\t\t\tO nosso Tolling Services (maquila) oferece-lhe:\t\t\t\t\t\t\t\t<\/div>\n\t\t\t\t<\/div>\n\t\t\t\t<div class=\"elementor-element elementor-element-6d0b2f9 elementor-widget elementor-widget-image\" data-id=\"6d0b2f9\" data-element_type=\"widget\" data-e-type=\"widget\" data-widget_type=\"image.default\">\n\t\t\t\t<div class=\"elementor-widget-container\">\n\t\t\t\t\t\t\t\t\t\t\t\t\t\t\t<img decoding=\"async\" width=\"1920\" height=\"626\" src=\"https:\/\/idro.es\/wp-content\/uploads\/2015\/07\/esquema2.gif\" class=\"attachment-full size-full wp-image-5370\" alt=\"tolling\" \/>\t\t\t\t\t\t\t\t\t\t\t\t\t\t\t<\/div>\n\t\t\t\t<\/div>\n\t\t\t\t\t<\/div>\n\t\t<\/div>\n\t\t\t\t\t<\/div>\n\t\t<\/section>\n\t\t\t\t<section class=\"elementor-section elementor-top-section elementor-element elementor-element-e0d6760 elementor-section-boxed elementor-section-height-default elementor-section-height-default qodef-elementor-content-no\" data-id=\"e0d6760\" data-element_type=\"section\" data-e-type=\"section\">\n\t\t\t\t\t\t<div class=\"elementor-container elementor-column-gap-default\">\n\t\t\t\t\t<div class=\"elementor-column elementor-col-100 elementor-top-column elementor-element elementor-element-275dbee\" data-id=\"275dbee\" data-element_type=\"column\" data-e-type=\"column\">\n\t\t\t<div class=\"elementor-widget-wrap elementor-element-populated\">\n\t\t\t\t\t\t<div class=\"elementor-element elementor-element-8bf8fd0 elementor-widget elementor-widget-heading\" data-id=\"8bf8fd0\" data-element_type=\"widget\" data-e-type=\"widget\" data-widget_type=\"heading.default\">\n\t\t\t\t<div class=\"elementor-widget-container\">\n\t\t\t\t\t<h2 class=\"elementor-heading-title elementor-size-xl\">Benef\u00edcios do Tolling<\/h2>\t\t\t\t<\/div>\n\t\t\t\t<\/div>\n\t\t\t\t<div class=\"elementor-element elementor-element-beccd59 elementor-widget elementor-widget-text-editor\" data-id=\"beccd59\" data-element_type=\"widget\" data-e-type=\"widget\" data-widget_type=\"text-editor.default\">\n\t\t\t\t<div class=\"elementor-widget-container\">\n\t\t\t\t\t\t\t\t\tO nosso servi\u00e7o de tolling permite-lhe otimizar os custos do processo:\t\t\t\t\t\t\t\t<\/div>\n\t\t\t\t<\/div>\n\t\t\t\t\t<\/div>\n\t\t<\/div>\n\t\t\t\t\t<\/div>\n\t\t<\/section>\n\t\t\t\t<section class=\"elementor-section elementor-top-section elementor-element elementor-element-3614013 elementor-section-full_width elementor-section-stretched elementor-section-height-default elementor-section-height-default qodef-elementor-content-no\" data-id=\"3614013\" data-element_type=\"section\" data-e-type=\"section\" data-settings=\"{&quot;stretch_section&quot;:&quot;section-stretched&quot;}\">\n\t\t\t\t\t\t<div class=\"elementor-container elementor-column-gap-default\">\n\t\t\t\t\t<div class=\"elementor-column elementor-col-20 elementor-top-column elementor-element elementor-element-4494439\" data-id=\"4494439\" data-element_type=\"column\" data-e-type=\"column\">\n\t\t\t<div class=\"elementor-widget-wrap elementor-element-populated\">\n\t\t\t\t\t\t<div class=\"elementor-element elementor-element-ff9acf8 elementor-widget elementor-widget-webon_core_icon_with_text\" data-id=\"ff9acf8\" data-element_type=\"widget\" data-e-type=\"widget\" data-widget_type=\"webon_core_icon_with_text.default\">\n\t\t\t\t<div class=\"elementor-widget-container\">\n\t\t\t\t\t<div class=\"qodef-shortcode qodef-m qodef-icon-with-text qodef-layout--top qodef--icon-pack qodef-alignment--center\">\n\t<div class=\"qodef-m-icon-wrapper\">\n\t\t<span class=\"qodef-shortcode qodef-m qodef-icon-holder qodef-size--small qodef-layout--circle\"  style=\"background-color: #DFDFDF\">\t        <span class=\"qodef-icon-font-awesome fa fa-credit-card qodef-icon qodef-e\" style=\"color: #000000\" ><\/span>    <\/span>\t<\/div>\n\t<div class=\"qodef-m-content\">\n\t\t\t<h3 class=\"qodef-m-title\" style=\"color: #000000\">\n\t\t\t\t\t<span class=\"qodef-m-title-text\">N\u00e3o precisa de investimento<\/span>\n\t\t\t<\/h3>\n\t\t\t<p class=\"qodef-m-text\" style=\"color: #000000\">Poupe nos fortes investimentos na f\u00e1brica, pessoal, pavimento, acondicionamento e log\u00edstica. Agora, seja qual for o seu tamanho, pague apenas pela utiliza\u00e7\u00e3o do servi\u00e7o.<\/p>\n\t\t\t<\/div>\n<\/div>\t\t\t\t<\/div>\n\t\t\t\t<\/div>\n\t\t\t\t\t<\/div>\n\t\t<\/div>\n\t\t\t\t<div class=\"elementor-column elementor-col-20 elementor-top-column elementor-element elementor-element-59e29a5\" data-id=\"59e29a5\" data-element_type=\"column\" data-e-type=\"column\">\n\t\t\t<div class=\"elementor-widget-wrap elementor-element-populated\">\n\t\t\t\t\t\t<div class=\"elementor-element elementor-element-14a8cbc elementor-widget elementor-widget-webon_core_icon_with_text\" data-id=\"14a8cbc\" data-element_type=\"widget\" data-e-type=\"widget\" data-widget_type=\"webon_core_icon_with_text.default\">\n\t\t\t\t<div class=\"elementor-widget-container\">\n\t\t\t\t\t<div class=\"qodef-shortcode qodef-m qodef-icon-with-text qodef-layout--top qodef--icon-pack qodef-alignment--center\">\n\t<div class=\"qodef-m-icon-wrapper\">\n\t\t<span class=\"qodef-shortcode qodef-m qodef-icon-holder qodef-size--small qodef-layout--circle\"  style=\"background-color: #DFDFDF\">\t        <span class=\"qodef-icon-font-awesome fa fa-arrows-alt qodef-icon qodef-e\" style=\"color: #000000\" ><\/span>    <\/span>\t<\/div>\n\t<div class=\"qodef-m-content\">\n\t\t\t<h3 class=\"qodef-m-title\" style=\"color: #000000\">\n\t\t\t\t\t<span class=\"qodef-m-title-text\">Flexibilidade<\/span>\n\t\t\t<\/h3>\n\t\t\t<p class=\"qodef-m-text\" style=\"color: #000000\">Ajuste o seu pedido \u00e0s suas necessidades comerciais de capacidade e frequ\u00eancia.<\/p>\n\t\t\t<\/div>\n<\/div>\t\t\t\t<\/div>\n\t\t\t\t<\/div>\n\t\t\t\t\t<\/div>\n\t\t<\/div>\n\t\t\t\t<div class=\"elementor-column elementor-col-20 elementor-top-column elementor-element elementor-element-19612e0\" data-id=\"19612e0\" data-element_type=\"column\" data-e-type=\"column\">\n\t\t\t<div class=\"elementor-widget-wrap elementor-element-populated\">\n\t\t\t\t\t\t<div class=\"elementor-element elementor-element-5850e20 elementor-widget elementor-widget-webon_core_icon_with_text\" data-id=\"5850e20\" data-element_type=\"widget\" data-e-type=\"widget\" data-widget_type=\"webon_core_icon_with_text.default\">\n\t\t\t\t<div class=\"elementor-widget-container\">\n\t\t\t\t\t<div class=\"qodef-shortcode qodef-m qodef-icon-with-text qodef-layout--top qodef--icon-pack qodef-alignment--center\">\n\t<div class=\"qodef-m-icon-wrapper\">\n\t\t<span class=\"qodef-shortcode qodef-m qodef-icon-holder qodef-size--small qodef-layout--circle\"  style=\"background-color: #DFDFDF\">\t        <span class=\"qodef-icon-font-awesome fa fa-clock qodef-icon qodef-e\" style=\"color: #000000\" ><\/span>    <\/span>\t<\/div>\n\t<div class=\"qodef-m-content\">\n\t\t\t<h3 class=\"qodef-m-title\" style=\"color: #000000\">\n\t\t\t\t\t<span class=\"qodef-m-title-text\">Menor tempo de lan\u00e7amento<\/span>\n\t\t\t<\/h3>\n\t\t\t<p class=\"qodef-m-text\" style=\"color: #000000\">O tempo vale ouro. Estamos preparados para agilizar os seus processos e a adequar-nos \u00e0 sua estrat\u00e9gia de time to market.<\/p>\n\t\t\t<\/div>\n<\/div>\t\t\t\t<\/div>\n\t\t\t\t<\/div>\n\t\t\t\t\t<\/div>\n\t\t<\/div>\n\t\t\t\t<div class=\"elementor-column elementor-col-20 elementor-top-column elementor-element elementor-element-3aaa8d4\" data-id=\"3aaa8d4\" data-element_type=\"column\" data-e-type=\"column\">\n\t\t\t<div class=\"elementor-widget-wrap elementor-element-populated\">\n\t\t\t\t\t\t<div class=\"elementor-element elementor-element-4e4577c elementor-widget elementor-widget-webon_core_icon_with_text\" data-id=\"4e4577c\" data-element_type=\"widget\" data-e-type=\"widget\" data-widget_type=\"webon_core_icon_with_text.default\">\n\t\t\t\t<div class=\"elementor-widget-container\">\n\t\t\t\t\t<div class=\"qodef-shortcode qodef-m qodef-icon-with-text qodef-layout--top qodef--icon-pack qodef-alignment--center\">\n\t<div class=\"qodef-m-icon-wrapper\">\n\t\t<span class=\"qodef-shortcode qodef-m qodef-icon-holder qodef-size--small qodef-layout--circle\"  style=\"background-color: #DFDFDF\">\t        <span class=\"qodef-icon-font-awesome fa fa-pen-square qodef-icon qodef-e\" style=\"color: #000000\" ><\/span>    <\/span>\t<\/div>\n\t<div class=\"qodef-m-content\">\n\t\t\t<h3 class=\"qodef-m-title\" style=\"color: #000000\">\n\t\t\t\t\t<span class=\"qodef-m-title-text\">Test Market<\/span>\n\t\t\t<\/h3>\n\t\t\t<p class=\"qodef-m-text\" style=\"color: #000000\">Permite testar um produto no mercado, reduzindo custos e riscos.<\/p>\n\t\t\t<\/div>\n<\/div>\t\t\t\t<\/div>\n\t\t\t\t<\/div>\n\t\t\t\t\t<\/div>\n\t\t<\/div>\n\t\t\t\t<div class=\"elementor-column elementor-col-20 elementor-top-column elementor-element elementor-element-7c30826\" data-id=\"7c30826\" data-element_type=\"column\" data-e-type=\"column\">\n\t\t\t<div class=\"elementor-widget-wrap elementor-element-populated\">\n\t\t\t\t\t\t<div class=\"elementor-element elementor-element-0b97beb elementor-widget elementor-widget-webon_core_icon_with_text\" data-id=\"0b97beb\" data-element_type=\"widget\" data-e-type=\"widget\" data-widget_type=\"webon_core_icon_with_text.default\">\n\t\t\t\t<div class=\"elementor-widget-container\">\n\t\t\t\t\t<div class=\"qodef-shortcode qodef-m qodef-icon-with-text qodef-layout--top qodef--icon-pack qodef-alignment--center\">\n\t<div class=\"qodef-m-icon-wrapper\">\n\t\t<span class=\"qodef-shortcode qodef-m qodef-icon-holder qodef-size--small qodef-layout--circle\"  style=\"background-color: #DFDFDF\">\t        <span class=\"qodef-icon-font-awesome fa fa-search qodef-icon qodef-e\" style=\"color: #000000\" ><\/span>    <\/span>\t<\/div>\n\t<div class=\"qodef-m-content\">\n\t\t\t<h3 class=\"qodef-m-title\" style=\"color: #000000\">\n\t\t\t\t\t<span class=\"qodef-m-title-text\">\u00c9 muito f\u00e1cil<\/span>\n\t\t\t<\/h3>\n\t\t\t<p class=\"qodef-m-text\" style=\"color: #000000\">Somos respons\u00e1veis por todo o processo log\u00edstico.<\/p>\n\t\t\t<\/div>\n<\/div>\t\t\t\t<\/div>\n\t\t\t\t<\/div>\n\t\t\t\t\t<\/div>\n\t\t<\/div>\n\t\t\t\t\t<\/div>\n\t\t<\/section>\n\t\t\t\t<section class=\"elementor-section elementor-top-section elementor-element elementor-element-31f7fba elementor-section-boxed elementor-section-height-default elementor-section-height-default qodef-elementor-content-no\" data-id=\"31f7fba\" data-element_type=\"section\" data-e-type=\"section\">\n\t\t\t\t\t\t<div class=\"elementor-container elementor-column-gap-default\">\n\t\t\t\t\t<div class=\"elementor-column elementor-col-100 elementor-top-column elementor-element elementor-element-5d8043a\" data-id=\"5d8043a\" data-element_type=\"column\" data-e-type=\"column\">\n\t\t\t<div class=\"elementor-widget-wrap elementor-element-populated\">\n\t\t\t\t\t\t<div class=\"elementor-element elementor-element-439d2c5 elementor-cta--skin-classic elementor-animated-content elementor-bg-transform elementor-bg-transform-zoom-in elementor-widget elementor-widget-call-to-action\" data-id=\"439d2c5\" data-element_type=\"widget\" data-e-type=\"widget\" data-widget_type=\"call-to-action.default\">\n\t\t\t\t<div class=\"elementor-widget-container\">\n\t\t\t\t\t\t\t<div class=\"elementor-cta\">\n\t\t\t\t\t\t\t<div class=\"elementor-cta__content\">\n\t\t\t\t\n\t\t\t\t\t\t\t\t\t<h2 class=\"elementor-cta__title elementor-cta__content-item elementor-content-item\">\n\t\t\t\t\t\tContrate nosso servi\u00e7o de Tolling ou Maquila\t\t\t\t\t<\/h2>\n\t\t\t\t\n\t\t\t\t\t\t\t\t\t<div class=\"elementor-cta__description elementor-cta__content-item elementor-content-item\">\n\t\t\t\t\t\tEntre em contato agora e tiraremos todas as suas d\u00favidas sobre nosso servi\u00e7o de Maquila ou Tolling.\t\t\t\t\t<\/div>\n\t\t\t\t\n\t\t\t\t\t\t\t\t\t<div class=\"elementor-cta__button-wrapper elementor-cta__content-item elementor-content-item \">\n\t\t\t\t\t<a class=\"elementor-cta__button elementor-button elementor-size-\" href=\"tel:+34914912844\">\n\t\t\t\t\t\t914 91 28 44\t\t\t\t\t<\/a>\n\t\t\t\t\t<\/div>\n\t\t\t\t\t\t\t<\/div>\n\t\t\t\t\t\t<\/div>\n\t\t\t\t\t\t<\/div>\n\t\t\t\t<\/div>\n\t\t\t\t\t<\/div>\n\t\t<\/div>\n\t\t\t\t\t<\/div>\n\t\t<\/section>\n\t\t\t\t<\/div>\n\t\t","protected":false},"excerpt":{"rendered":"<p>Tolling A melhor estrat\u00e9gia para ganhar competitividade O nosso servi\u00e7o de Outsourcing de Altas Press\u00f5espermite-nos oferecer-lhe uma solu\u00e7\u00e3o integral sem necessidade de grandes investimentos,permitindo-lhe concentrar-se no seu core business,potenciar a sua competitividade e alcan\u00e7ar novos mercados. O nosso Tolling Services (maquila) oferece-lhe: Benef\u00edcios do Tolling O nosso servi\u00e7o de tolling permite-lhe otimizar os custos do [&hellip;]<\/p>\n","protected":false},"author":4,"featured_media":0,"parent":0,"menu_order":0,"comment_status":"closed","ping_status":"closed","template":"","meta":{"footnotes":""},"class_list":["post-8850","page","type-page","status-publish","hentry"],"yoast_head":"<!-- This site is optimized with the Yoast SEO plugin v27.6 - https:\/\/yoast.com\/product\/yoast-seo-wordpress\/ -->\n<title>HPP Tolling - Servicio de Maquila HPP en Espa\u00f1a - IDRO<\/title>\n<meta name=\"description\" content=\"HPP Tolling de IDRO. Servicio de maquila HPP en Espa\u00f1a. Utilice las altas presiones hidrost\u00e1ticas para conservar alimentos con m\u00e1s frescura y duraci\u00f3n.\" \/>\n<meta name=\"robots\" content=\"index, follow, max-snippet:-1, max-image-preview:large, max-video-preview:-1\" \/>\n<link rel=\"canonical\" href=\"https:\/\/idro.es\/maquila-hpp-tolling\/\" \/>\n<meta property=\"og:locale\" content=\"pt_PT\" \/>\n<meta property=\"og:type\" content=\"article\" \/>\n<meta property=\"og:title\" content=\"HPP Tolling - Servicio de Maquila HPP en Espa\u00f1a - IDRO\" \/>\n<meta property=\"og:description\" content=\"HPP Tolling de IDRO. Servicio de maquila HPP en Espa\u00f1a. Utilice las altas presiones hidrost\u00e1ticas para conservar alimentos con m\u00e1s frescura y duraci\u00f3n.\" \/>\n<meta property=\"og:url\" content=\"https:\/\/idro.es\/maquila-hpp-tolling\/\" \/>\n<meta property=\"og:site_name\" content=\"IDRO\" \/>\n<meta property=\"article:modified_time\" content=\"2023-10-04T13:16:35+00:00\" \/>\n<meta property=\"og:image\" content=\"https:\/\/idro.es\/wp-content\/uploads\/2015\/07\/maquinaHPP2.jpg\" \/>\n<meta name=\"twitter:card\" content=\"summary_large_image\" \/>\n<meta name=\"twitter:label1\" content=\"Tempo estimado de leitura\" \/>\n\t<meta name=\"twitter:data1\" content=\"2 minutos\" \/>\n<script type=\"application\/ld+json\" class=\"yoast-schema-graph\">{\"@context\":\"https:\\\/\\\/schema.org\",\"@graph\":[{\"@type\":\"WebPage\",\"@id\":\"https:\\\/\\\/idro.es\\\/maquila-hpp-tolling\\\/\",\"url\":\"https:\\\/\\\/idro.es\\\/maquila-hpp-tolling\\\/\",\"name\":\"HPP Tolling - Servicio de Maquila HPP en Espa\u00f1a - IDRO\",\"isPartOf\":{\"@id\":\"https:\\\/\\\/idro.es\\\/#website\"},\"primaryImageOfPage\":{\"@id\":\"https:\\\/\\\/idro.es\\\/maquila-hpp-tolling\\\/#primaryimage\"},\"image\":{\"@id\":\"https:\\\/\\\/idro.es\\\/maquila-hpp-tolling\\\/#primaryimage\"},\"thumbnailUrl\":\"https:\\\/\\\/idro.es\\\/wp-content\\\/uploads\\\/2015\\\/07\\\/maquinaHPP2.jpg\",\"datePublished\":\"2015-07-13T08:41:27+00:00\",\"dateModified\":\"2023-10-04T13:16:35+00:00\",\"description\":\"HPP Tolling de IDRO. Servicio de maquila HPP en Espa\u00f1a. Utilice las altas presiones hidrost\u00e1ticas para conservar alimentos con m\u00e1s frescura y duraci\u00f3n.\",\"breadcrumb\":{\"@id\":\"https:\\\/\\\/idro.es\\\/maquila-hpp-tolling\\\/#breadcrumb\"},\"inLanguage\":\"pt-PT\",\"potentialAction\":[{\"@type\":\"ReadAction\",\"target\":[\"https:\\\/\\\/idro.es\\\/maquila-hpp-tolling\\\/\"]}]},{\"@type\":\"ImageObject\",\"inLanguage\":\"pt-PT\",\"@id\":\"https:\\\/\\\/idro.es\\\/maquila-hpp-tolling\\\/#primaryimage\",\"url\":\"https:\\\/\\\/idro.es\\\/wp-content\\\/uploads\\\/2015\\\/07\\\/maquinaHPP2.jpg\",\"contentUrl\":\"https:\\\/\\\/idro.es\\\/wp-content\\\/uploads\\\/2015\\\/07\\\/maquinaHPP2.jpg\"},{\"@type\":\"BreadcrumbList\",\"@id\":\"https:\\\/\\\/idro.es\\\/maquila-hpp-tolling\\\/#breadcrumb\",\"itemListElement\":[{\"@type\":\"ListItem\",\"position\":1,\"name\":\"IDRO - HPP\",\"item\":\"https:\\\/\\\/idro.es\\\/\"},{\"@type\":\"ListItem\",\"position\":2,\"name\":\"Pagamento \u00e0 sua medida\"}]},{\"@type\":\"WebSite\",\"@id\":\"https:\\\/\\\/idro.es\\\/#website\",\"url\":\"https:\\\/\\\/idro.es\\\/\",\"name\":\"IDRO\",\"description\":\"HPP Food Technology\",\"publisher\":{\"@id\":\"https:\\\/\\\/idro.es\\\/#organization\"},\"potentialAction\":[{\"@type\":\"SearchAction\",\"target\":{\"@type\":\"EntryPoint\",\"urlTemplate\":\"https:\\\/\\\/idro.es\\\/?s={search_term_string}\"},\"query-input\":{\"@type\":\"PropertyValueSpecification\",\"valueRequired\":true,\"valueName\":\"search_term_string\"}}],\"inLanguage\":\"pt-PT\"},{\"@type\":\"Organization\",\"@id\":\"https:\\\/\\\/idro.es\\\/#organization\",\"name\":\"Idro\",\"url\":\"https:\\\/\\\/idro.es\\\/\",\"logo\":{\"@type\":\"ImageObject\",\"inLanguage\":\"pt-PT\",\"@id\":\"https:\\\/\\\/idro.es\\\/#\\\/schema\\\/logo\\\/image\\\/\",\"url\":\"https:\\\/\\\/idro.es\\\/wp-content\\\/uploads\\\/2015\\\/09\\\/logo_header7.jpg\",\"contentUrl\":\"https:\\\/\\\/idro.es\\\/wp-content\\\/uploads\\\/2015\\\/09\\\/logo_header7.jpg\",\"width\":648,\"height\":149,\"caption\":\"Idro\"},\"image\":{\"@id\":\"https:\\\/\\\/idro.es\\\/#\\\/schema\\\/logo\\\/image\\\/\"},\"sameAs\":[\"https:\\\/\\\/www.youtube.com\\\/channel\\\/UCThdYuqEo6cvevQbZBVlDqg\",\"https:\\\/\\\/www.linkedin.com\\\/company\\\/idro-hpp-food-technology-s-l\\\/\"]}]}<\/script>\n<!-- \/ Yoast SEO plugin. -->","yoast_head_json":{"title":"HPP Tolling - Servicio de Maquila HPP en Espa\u00f1a - IDRO","description":"HPP Tolling de IDRO. Servicio de maquila HPP en Espa\u00f1a. Utilice las altas presiones hidrost\u00e1ticas para conservar alimentos con m\u00e1s frescura y duraci\u00f3n.","robots":{"index":"index","follow":"follow","max-snippet":"max-snippet:-1","max-image-preview":"max-image-preview:large","max-video-preview":"max-video-preview:-1"},"canonical":"https:\/\/idro.es\/maquila-hpp-tolling\/","og_locale":"pt_PT","og_type":"article","og_title":"HPP Tolling - Servicio de Maquila HPP en Espa\u00f1a - IDRO","og_description":"HPP Tolling de IDRO. Servicio de maquila HPP en Espa\u00f1a. Utilice las altas presiones hidrost\u00e1ticas para conservar alimentos con m\u00e1s frescura y duraci\u00f3n.","og_url":"https:\/\/idro.es\/maquila-hpp-tolling\/","og_site_name":"IDRO","article_modified_time":"2023-10-04T13:16:35+00:00","og_image":[{"url":"https:\/\/idro.es\/wp-content\/uploads\/2015\/07\/maquinaHPP2.jpg","type":"","width":"","height":""}],"twitter_card":"summary_large_image","twitter_misc":{"Tempo estimado de leitura":"2 minutos"},"schema":{"@context":"https:\/\/schema.org","@graph":[{"@type":"WebPage","@id":"https:\/\/idro.es\/maquila-hpp-tolling\/","url":"https:\/\/idro.es\/maquila-hpp-tolling\/","name":"HPP Tolling - Servicio de Maquila HPP en Espa\u00f1a - IDRO","isPartOf":{"@id":"https:\/\/idro.es\/#website"},"primaryImageOfPage":{"@id":"https:\/\/idro.es\/maquila-hpp-tolling\/#primaryimage"},"image":{"@id":"https:\/\/idro.es\/maquila-hpp-tolling\/#primaryimage"},"thumbnailUrl":"https:\/\/idro.es\/wp-content\/uploads\/2015\/07\/maquinaHPP2.jpg","datePublished":"2015-07-13T08:41:27+00:00","dateModified":"2023-10-04T13:16:35+00:00","description":"HPP Tolling de IDRO. Servicio de maquila HPP en Espa\u00f1a. Utilice las altas presiones hidrost\u00e1ticas para conservar alimentos con m\u00e1s frescura y duraci\u00f3n.","breadcrumb":{"@id":"https:\/\/idro.es\/maquila-hpp-tolling\/#breadcrumb"},"inLanguage":"pt-PT","potentialAction":[{"@type":"ReadAction","target":["https:\/\/idro.es\/maquila-hpp-tolling\/"]}]},{"@type":"ImageObject","inLanguage":"pt-PT","@id":"https:\/\/idro.es\/maquila-hpp-tolling\/#primaryimage","url":"https:\/\/idro.es\/wp-content\/uploads\/2015\/07\/maquinaHPP2.jpg","contentUrl":"https:\/\/idro.es\/wp-content\/uploads\/2015\/07\/maquinaHPP2.jpg"},{"@type":"BreadcrumbList","@id":"https:\/\/idro.es\/maquila-hpp-tolling\/#breadcrumb","itemListElement":[{"@type":"ListItem","position":1,"name":"IDRO - HPP","item":"https:\/\/idro.es\/"},{"@type":"ListItem","position":2,"name":"Pagamento \u00e0 sua medida"}]},{"@type":"WebSite","@id":"https:\/\/idro.es\/#website","url":"https:\/\/idro.es\/","name":"IDRO","description":"HPP Food Technology","publisher":{"@id":"https:\/\/idro.es\/#organization"},"potentialAction":[{"@type":"SearchAction","target":{"@type":"EntryPoint","urlTemplate":"https:\/\/idro.es\/?s={search_term_string}"},"query-input":{"@type":"PropertyValueSpecification","valueRequired":true,"valueName":"search_term_string"}}],"inLanguage":"pt-PT"},{"@type":"Organization","@id":"https:\/\/idro.es\/#organization","name":"Idro","url":"https:\/\/idro.es\/","logo":{"@type":"ImageObject","inLanguage":"pt-PT","@id":"https:\/\/idro.es\/#\/schema\/logo\/image\/","url":"https:\/\/idro.es\/wp-content\/uploads\/2015\/09\/logo_header7.jpg","contentUrl":"https:\/\/idro.es\/wp-content\/uploads\/2015\/09\/logo_header7.jpg","width":648,"height":149,"caption":"Idro"},"image":{"@id":"https:\/\/idro.es\/#\/schema\/logo\/image\/"},"sameAs":["https:\/\/www.youtube.com\/channel\/UCThdYuqEo6cvevQbZBVlDqg","https:\/\/www.linkedin.com\/company\/idro-hpp-food-technology-s-l\/"]}]}},"_links":{"self":[{"href":"https:\/\/idro.es\/pt-pt\/wp-json\/wp\/v2\/pages\/8850","targetHints":{"allow":["GET"]}}],"collection":[{"href":"https:\/\/idro.es\/pt-pt\/wp-json\/wp\/v2\/pages"}],"about":[{"href":"https:\/\/idro.es\/pt-pt\/wp-json\/wp\/v2\/types\/page"}],"author":[{"embeddable":true,"href":"https:\/\/idro.es\/pt-pt\/wp-json\/wp\/v2\/users\/4"}],"replies":[{"embeddable":true,"href":"https:\/\/idro.es\/pt-pt\/wp-json\/wp\/v2\/comments?post=8850"}],"version-history":[{"count":0,"href":"https:\/\/idro.es\/pt-pt\/wp-json\/wp\/v2\/pages\/8850\/revisions"}],"wp:attachment":[{"href":"https:\/\/idro.es\/pt-pt\/wp-json\/wp\/v2\/media?parent=8850"}],"curies":[{"name":"wp","href":"https:\/\/api.w.org\/{rel}","templated":true}]}}