{"id":8811,"date":"2015-07-22T10:24:01","date_gmt":"2015-07-22T10:24:01","guid":{"rendered":"https:\/\/idro.es\/oportunidades-mercado-hpp\/"},"modified":"2023-10-04T13:05:22","modified_gmt":"2023-10-04T13:05:22","slug":"oportunidades","status":"publish","type":"page","link":"https:\/\/idro.es\/pt-pt\/oportunidades\/","title":{"rendered":"oportunidades"},"content":{"rendered":"\t\t<div data-elementor-type=\"wp-page\" data-elementor-id=\"8811\" class=\"elementor elementor-8811 elementor-3914\" data-elementor-post-type=\"page\">\n\t\t\t\t\t\t<section class=\"elementor-section elementor-top-section elementor-element elementor-element-8364ca3 elementor-section-full_width elementor-section-stretched elementor-section-height-default elementor-section-height-default qodef-elementor-content-no\" data-id=\"8364ca3\" data-element_type=\"section\" data-e-type=\"section\" data-settings=\"{&quot;stretch_section&quot;:&quot;section-stretched&quot;,&quot;background_background&quot;:&quot;classic&quot;}\">\n\t\t\t\t\t\t<div class=\"elementor-container elementor-column-gap-default\">\n\t\t\t\t\t<div class=\"elementor-column elementor-col-100 elementor-top-column elementor-element elementor-element-1548cfd\" data-id=\"1548cfd\" data-element_type=\"column\" data-e-type=\"column\">\n\t\t\t<div class=\"elementor-widget-wrap elementor-element-populated\">\n\t\t\t\t\t\t<section class=\"elementor-section elementor-inner-section elementor-element elementor-element-69b4340 elementor-section-boxed elementor-section-height-default elementor-section-height-default qodef-elementor-content-no\" data-id=\"69b4340\" data-element_type=\"section\" data-e-type=\"section\">\n\t\t\t\t\t\t<div class=\"elementor-container elementor-column-gap-default\">\n\t\t\t\t\t<div class=\"elementor-column elementor-col-100 elementor-inner-column elementor-element elementor-element-63cdad8\" data-id=\"63cdad8\" data-element_type=\"column\" data-e-type=\"column\">\n\t\t\t<div class=\"elementor-widget-wrap elementor-element-populated\">\n\t\t\t\t\t\t<div class=\"elementor-element elementor-element-7b94ed3e elementor-widget elementor-widget-heading\" data-id=\"7b94ed3e\" data-element_type=\"widget\" data-e-type=\"widget\" data-widget_type=\"heading.default\">\n\t\t\t\t<div class=\"elementor-widget-container\">\n\t\t\t\t\t<h1 class=\"elementor-heading-title elementor-size-default\">O setor alimentar em Espanha e a tecnologia HPP<\/h1>\t\t\t\t<\/div>\n\t\t\t\t<\/div>\n\t\t\t\t<div class=\"elementor-element elementor-element-e496ba6 elementor-widget elementor-widget-heading\" data-id=\"e496ba6\" data-element_type=\"widget\" data-e-type=\"widget\" data-widget_type=\"heading.default\">\n\t\t\t\t<div class=\"elementor-widget-container\">\n\t\t\t\t\t<h2 class=\"elementor-heading-title elementor-size-default\">O que \u00e9 procurado no mercado<\/h2>\t\t\t\t<\/div>\n\t\t\t\t<\/div>\n\t\t\t\t<div class=\"elementor-element elementor-element-a1d89dd elementor-widget-divider--view-line elementor-widget elementor-widget-divider\" data-id=\"a1d89dd\" data-element_type=\"widget\" data-e-type=\"widget\" data-widget_type=\"divider.default\">\n\t\t\t\t<div class=\"elementor-widget-container\">\n\t\t\t\t\t\t\t<div class=\"elementor-divider\">\n\t\t\t<span class=\"elementor-divider-separator\">\n\t\t\t\t\t\t<\/span>\n\t\t<\/div>\n\t\t\t\t\t\t<\/div>\n\t\t\t\t<\/div>\n\t\t\t\t\t<\/div>\n\t\t<\/div>\n\t\t\t\t\t<\/div>\n\t\t<\/section>\n\t\t\t\t<section class=\"elementor-section elementor-inner-section elementor-element elementor-element-a2d4925 elementor-section-boxed elementor-section-height-default elementor-section-height-default qodef-elementor-content-no\" data-id=\"a2d4925\" data-element_type=\"section\" data-e-type=\"section\">\n\t\t\t\t\t\t<div class=\"elementor-container elementor-column-gap-default\">\n\t\t\t\t\t<div class=\"elementor-column elementor-col-33 elementor-inner-column elementor-element elementor-element-36ac5ec\" data-id=\"36ac5ec\" data-element_type=\"column\" data-e-type=\"column\">\n\t\t\t<div class=\"elementor-widget-wrap elementor-element-populated\">\n\t\t\t\t\t\t<div class=\"elementor-element elementor-element-2ceb039 elementor-widget elementor-widget-heading\" data-id=\"2ceb039\" data-element_type=\"widget\" data-e-type=\"widget\" data-widget_type=\"heading.default\">\n\t\t\t\t<div class=\"elementor-widget-container\">\n\t\t\t\t\t<p class=\"elementor-heading-title elementor-size-default\">Os que os fabricantes querem<\/p>\t\t\t\t<\/div>\n\t\t\t\t<\/div>\n\t\t\t\t<div class=\"elementor-element elementor-element-bef35bf elementor-icon-list--layout-traditional elementor-list-item-link-full_width elementor-widget elementor-widget-icon-list\" data-id=\"bef35bf\" data-element_type=\"widget\" data-e-type=\"widget\" data-widget_type=\"icon-list.default\">\n\t\t\t\t<div class=\"elementor-widget-container\">\n\t\t\t\t\t\t\t<ul class=\"elementor-icon-list-items\">\n\t\t\t\t\t\t\t<li class=\"elementor-icon-list-item\">\n\t\t\t\t\t\t\t\t\t\t\t<span class=\"elementor-icon-list-icon\">\n\t\t\t\t\t\t\t<i aria-hidden=\"true\" class=\"fas fa-check\"><\/i>\t\t\t\t\t\t<\/span>\n\t\t\t\t\t\t\t\t\t\t<span class=\"elementor-icon-list-text\"> Seguran\u00e7a alimentar<\/span>\n\t\t\t\t\t\t\t\t\t<\/li>\n\t\t\t\t\t\t\t\t<li class=\"elementor-icon-list-item\">\n\t\t\t\t\t\t\t\t\t\t\t<span class=\"elementor-icon-list-icon\">\n\t\t\t\t\t\t\t<i aria-hidden=\"true\" class=\"fas fa-check\"><\/i>\t\t\t\t\t\t<\/span>\n\t\t\t\t\t\t\t\t\t\t<span class=\"elementor-icon-list-text\"> Produtos inovadores e de valor acrescentado<\/span>\n\t\t\t\t\t\t\t\t\t<\/li>\n\t\t\t\t\t\t\t\t<li class=\"elementor-icon-list-item\">\n\t\t\t\t\t\t\t\t\t\t\t<span class=\"elementor-icon-list-icon\">\n\t\t\t\t\t\t\t<i aria-hidden=\"true\" class=\"fas fa-check\"><\/i>\t\t\t\t\t\t<\/span>\n\t\t\t\t\t\t\t\t\t\t<span class=\"elementor-icon-list-text\"> Reduzir as perdas<\/span>\n\t\t\t\t\t\t\t\t\t<\/li>\n\t\t\t\t\t\t<\/ul>\n\t\t\t\t\t\t<\/div>\n\t\t\t\t<\/div>\n\t\t\t\t\t<\/div>\n\t\t<\/div>\n\t\t\t\t<div class=\"elementor-column elementor-col-33 elementor-inner-column elementor-element elementor-element-aba0e31\" data-id=\"aba0e31\" data-element_type=\"column\" data-e-type=\"column\">\n\t\t\t<div class=\"elementor-widget-wrap elementor-element-populated\">\n\t\t\t\t\t\t<div class=\"elementor-element elementor-element-7ecd07f elementor-widget elementor-widget-heading\" data-id=\"7ecd07f\" data-element_type=\"widget\" data-e-type=\"widget\" data-widget_type=\"heading.default\">\n\t\t\t\t<div class=\"elementor-widget-container\">\n\t\t\t\t\t<p class=\"elementor-heading-title elementor-size-default\">O cliente deseja<\/p>\t\t\t\t<\/div>\n\t\t\t\t<\/div>\n\t\t\t\t<div class=\"elementor-element elementor-element-16f6113 elementor-icon-list--layout-traditional elementor-list-item-link-full_width elementor-widget elementor-widget-icon-list\" data-id=\"16f6113\" data-element_type=\"widget\" data-e-type=\"widget\" data-widget_type=\"icon-list.default\">\n\t\t\t\t<div class=\"elementor-widget-container\">\n\t\t\t\t\t\t\t<ul class=\"elementor-icon-list-items\">\n\t\t\t\t\t\t\t<li class=\"elementor-icon-list-item\">\n\t\t\t\t\t\t\t\t\t\t\t<span class=\"elementor-icon-list-icon\">\n\t\t\t\t\t\t\t<i aria-hidden=\"true\" class=\"fas fa-check\"><\/i>\t\t\t\t\t\t<\/span>\n\t\t\t\t\t\t\t\t\t\t<span class=\"elementor-icon-list-text\"> Produtos seguros e saud\u00e1veis, sem conservantes<\/span>\n\t\t\t\t\t\t\t\t\t<\/li>\n\t\t\t\t\t\t\t\t<li class=\"elementor-icon-list-item\">\n\t\t\t\t\t\t\t\t\t\t\t<span class=\"elementor-icon-list-icon\">\n\t\t\t\t\t\t\t<i aria-hidden=\"true\" class=\"fas fa-check\"><\/i>\t\t\t\t\t\t<\/span>\n\t\t\t\t\t\t\t\t\t\t<span class=\"elementor-icon-list-text\"> M\u00e1xima qualidade e frescura<\/span>\n\t\t\t\t\t\t\t\t\t<\/li>\n\t\t\t\t\t\t\t\t<li class=\"elementor-icon-list-item\">\n\t\t\t\t\t\t\t\t\t\t\t<span class=\"elementor-icon-list-icon\">\n\t\t\t\t\t\t\t<i aria-hidden=\"true\" class=\"fas fa-check\"><\/i>\t\t\t\t\t\t<\/span>\n\t\t\t\t\t\t\t\t\t\t<span class=\"elementor-icon-list-text\"> Maiores benef\u00edcios nutricionais<\/span>\n\t\t\t\t\t\t\t\t\t<\/li>\n\t\t\t\t\t\t<\/ul>\n\t\t\t\t\t\t<\/div>\n\t\t\t\t<\/div>\n\t\t\t\t\t<\/div>\n\t\t<\/div>\n\t\t\t\t<div class=\"elementor-column elementor-col-33 elementor-inner-column elementor-element elementor-element-beb0c05\" data-id=\"beb0c05\" data-element_type=\"column\" data-e-type=\"column\">\n\t\t\t<div class=\"elementor-widget-wrap elementor-element-populated\">\n\t\t\t\t\t\t<div class=\"elementor-element elementor-element-1eb3a81 elementor-widget elementor-widget-heading\" data-id=\"1eb3a81\" data-element_type=\"widget\" data-e-type=\"widget\" data-widget_type=\"heading.default\">\n\t\t\t\t<div class=\"elementor-widget-container\">\n\t\t\t\t\t<p class=\"elementor-heading-title elementor-size-default\">O que oferecemos<\/p>\t\t\t\t<\/div>\n\t\t\t\t<\/div>\n\t\t\t\t<div class=\"elementor-element elementor-element-3bc6513 elementor-icon-list--layout-traditional elementor-list-item-link-full_width elementor-widget elementor-widget-icon-list\" data-id=\"3bc6513\" data-element_type=\"widget\" data-e-type=\"widget\" data-widget_type=\"icon-list.default\">\n\t\t\t\t<div class=\"elementor-widget-container\">\n\t\t\t\t\t\t\t<ul class=\"elementor-icon-list-items\">\n\t\t\t\t\t\t\t<li class=\"elementor-icon-list-item\">\n\t\t\t\t\t\t\t\t\t\t\t<span class=\"elementor-icon-list-icon\">\n\t\t\t\t\t\t\t<i aria-hidden=\"true\" class=\"fas fa-check\"><\/i>\t\t\t\t\t\t<\/span>\n\t\t\t\t\t\t\t\t\t\t<span class=\"elementor-icon-list-text\"> Inovar a carteira de produtos<\/span>\n\t\t\t\t\t\t\t\t\t<\/li>\n\t\t\t\t\t\t\t\t<li class=\"elementor-icon-list-item\">\n\t\t\t\t\t\t\t\t\t\t\t<span class=\"elementor-icon-list-icon\">\n\t\t\t\t\t\t\t<i aria-hidden=\"true\" class=\"fas fa-check\"><\/i>\t\t\t\t\t\t<\/span>\n\t\t\t\t\t\t\t\t\t\t<span class=\"elementor-icon-list-text\"> Entrar em novos mercados pela m\u00e3o do l\u00edder mundial em tecnologia HPP<\/span>\n\t\t\t\t\t\t\t\t\t<\/li>\n\t\t\t\t\t\t\t\t<li class=\"elementor-icon-list-item\">\n\t\t\t\t\t\t\t\t\t\t\t<span class=\"elementor-icon-list-icon\">\n\t\t\t\t\t\t\t<i aria-hidden=\"true\" class=\"fas fa-check\"><\/i>\t\t\t\t\t\t<\/span>\n\t\t\t\t\t\t\t\t\t\t<span class=\"elementor-icon-list-text\"> Entrar em novas categorias de produtos<\/span>\n\t\t\t\t\t\t\t\t\t<\/li>\n\t\t\t\t\t\t\t\t<li class=\"elementor-icon-list-item\">\n\t\t\t\t\t\t\t\t\t\t\t<span class=\"elementor-icon-list-icon\">\n\t\t\t\t\t\t\t<i aria-hidden=\"true\" class=\"fas fa-check\"><\/i>\t\t\t\t\t\t<\/span>\n\t\t\t\t\t\t\t\t\t\t<span class=\"elementor-icon-list-text\"> Maximizar o benef\u00edcio<\/span>\n\t\t\t\t\t\t\t\t\t<\/li>\n\t\t\t\t\t\t<\/ul>\n\t\t\t\t\t\t<\/div>\n\t\t\t\t<\/div>\n\t\t\t\t\t<\/div>\n\t\t<\/div>\n\t\t\t\t\t<\/div>\n\t\t<\/section>\n\t\t\t\t\t<\/div>\n\t\t<\/div>\n\t\t\t\t\t<\/div>\n\t\t<\/section>\n\t\t\t\t<section class=\"elementor-section elementor-top-section elementor-element elementor-element-456940cf elementor-section-full_width elementor-section-content-middle elementor-section-stretched elementor-section-height-default elementor-section-height-default qodef-elementor-content-no\" data-id=\"456940cf\" data-element_type=\"section\" data-e-type=\"section\" data-settings=\"{&quot;stretch_section&quot;:&quot;section-stretched&quot;,&quot;background_background&quot;:&quot;classic&quot;}\">\n\t\t\t\t\t\t<div class=\"elementor-container elementor-column-gap-default\">\n\t\t\t\t\t<div class=\"elementor-column elementor-col-100 elementor-top-column elementor-element elementor-element-3569ee57\" data-id=\"3569ee57\" data-element_type=\"column\" data-e-type=\"column\">\n\t\t\t<div class=\"elementor-widget-wrap elementor-element-populated\">\n\t\t\t\t\t\t<section class=\"elementor-section elementor-inner-section elementor-element elementor-element-2f49ec7f elementor-section-boxed elementor-section-height-default elementor-section-height-default qodef-elementor-content-no\" data-id=\"2f49ec7f\" data-element_type=\"section\" data-e-type=\"section\">\n\t\t\t\t\t\t<div class=\"elementor-container elementor-column-gap-default\">\n\t\t\t\t\t<div class=\"elementor-column elementor-col-100 elementor-inner-column elementor-element elementor-element-4a75c250\" data-id=\"4a75c250\" data-element_type=\"column\" data-e-type=\"column\">\n\t\t\t<div class=\"elementor-widget-wrap elementor-element-populated\">\n\t\t\t\t\t\t<div class=\"elementor-element elementor-element-3c39f6ec elementor-widget elementor-widget-heading\" data-id=\"3c39f6ec\" data-element_type=\"widget\" data-e-type=\"widget\" data-widget_type=\"heading.default\">\n\t\t\t\t<div class=\"elementor-widget-container\">\n\t\t\t\t\t<p class=\"elementor-heading-title elementor-size-default\">Atributos<\/p>\t\t\t\t<\/div>\n\t\t\t\t<\/div>\n\t\t\t\t<div class=\"elementor-element elementor-element-4ee0072 elementor-widget elementor-widget-heading\" data-id=\"4ee0072\" data-element_type=\"widget\" data-e-type=\"widget\" data-widget_type=\"heading.default\">\n\t\t\t\t<div class=\"elementor-widget-container\">\n\t\t\t\t\t<p class=\"elementor-heading-title elementor-size-default\">da pasteuriza\u00e7\u00e3o por altas press\u00f5es<\/p>\t\t\t\t<\/div>\n\t\t\t\t<\/div>\n\t\t\t\t<div class=\"elementor-element elementor-element-79ecc395 elementor-widget elementor-widget-text-editor\" data-id=\"79ecc395\" data-element_type=\"widget\" data-e-type=\"widget\" data-widget_type=\"text-editor.default\">\n\t\t\t\t<div class=\"elementor-widget-container\">\n\t\t\t\t\t\t\t\t\t<p>\u00b7 Abre a possibilidade de competir em novos mercados<br \/>\u00b7 Potencia a qualidade e rentabilidade dos produtos<br \/>\u00b7 Promove uma alimenta\u00e7\u00e3o mais saud\u00e1vel e ecol\u00f3gica<\/p>\t\t\t\t\t\t\t\t<\/div>\n\t\t\t\t<\/div>\n\t\t\t\t\t<\/div>\n\t\t<\/div>\n\t\t\t\t\t<\/div>\n\t\t<\/section>\n\t\t\t\t\t<\/div>\n\t\t<\/div>\n\t\t\t\t\t<\/div>\n\t\t<\/section>\n\t\t\t\t<\/div>\n\t\t","protected":false},"excerpt":{"rendered":"<p>O setor alimentar em Espanha e a tecnologia HPP O que \u00e9 procurado no mercado Os que os fabricantes querem Seguran\u00e7a alimentar Produtos inovadores e de valor acrescentado Reduzir as perdas O cliente deseja Produtos seguros e saud\u00e1veis, sem conservantes M\u00e1xima qualidade e frescura Maiores benef\u00edcios nutricionais O que oferecemos Inovar a carteira de produtos [&hellip;]<\/p>\n","protected":false},"author":4,"featured_media":0,"parent":0,"menu_order":0,"comment_status":"closed","ping_status":"open","template":"","meta":{"footnotes":""},"class_list":["post-8811","page","type-page","status-publish","hentry"],"yoast_head":"<!-- This site is optimized with the Yoast SEO plugin v27.6 - https:\/\/yoast.com\/product\/yoast-seo-wordpress\/ -->\n<title>Oportunidades del Mercado HPP - IDRO<\/title>\n<meta name=\"description\" content=\"Nuestra tecnolog\u00eda brinda nuevas oportunidades en el mercado HPP, potencia la calidad y rentabilidad de los productos y promueve una alimentaci\u00f3n m\u00e1s sana.\" \/>\n<meta name=\"robots\" content=\"index, follow, max-snippet:-1, max-image-preview:large, max-video-preview:-1\" \/>\n<link rel=\"canonical\" href=\"https:\/\/idro.es\/oportunidades-mercado-hpp\/\" \/>\n<meta property=\"og:locale\" content=\"pt_PT\" \/>\n<meta property=\"og:type\" content=\"article\" \/>\n<meta property=\"og:title\" content=\"Oportunidades del Mercado HPP - IDRO\" \/>\n<meta property=\"og:description\" content=\"Nuestra tecnolog\u00eda brinda nuevas oportunidades en el mercado HPP, potencia la calidad y rentabilidad de los productos y promueve una alimentaci\u00f3n m\u00e1s sana.\" \/>\n<meta property=\"og:url\" content=\"https:\/\/idro.es\/oportunidades-mercado-hpp\/\" \/>\n<meta property=\"og:site_name\" content=\"IDRO\" \/>\n<meta property=\"article:modified_time\" content=\"2023-10-04T13:05:22+00:00\" \/>\n<meta name=\"twitter:card\" content=\"summary_large_image\" \/>\n<meta name=\"twitter:label1\" content=\"Tempo estimado de leitura\" \/>\n\t<meta name=\"twitter:data1\" content=\"1 minuto\" \/>\n<script type=\"application\/ld+json\" class=\"yoast-schema-graph\">{\"@context\":\"https:\\\/\\\/schema.org\",\"@graph\":[{\"@type\":\"WebPage\",\"@id\":\"https:\\\/\\\/idro.es\\\/oportunidades-mercado-hpp\\\/\",\"url\":\"https:\\\/\\\/idro.es\\\/oportunidades-mercado-hpp\\\/\",\"name\":\"Oportunidades del Mercado HPP - IDRO\",\"isPartOf\":{\"@id\":\"https:\\\/\\\/idro.es\\\/#website\"},\"datePublished\":\"2015-07-22T10:24:01+00:00\",\"dateModified\":\"2023-10-04T13:05:22+00:00\",\"description\":\"Nuestra tecnolog\u00eda brinda nuevas oportunidades en el mercado HPP, potencia la calidad y rentabilidad de los productos y promueve una alimentaci\u00f3n m\u00e1s sana.\",\"breadcrumb\":{\"@id\":\"https:\\\/\\\/idro.es\\\/oportunidades-mercado-hpp\\\/#breadcrumb\"},\"inLanguage\":\"pt-PT\",\"potentialAction\":[{\"@type\":\"ReadAction\",\"target\":[\"https:\\\/\\\/idro.es\\\/oportunidades-mercado-hpp\\\/\"]}]},{\"@type\":\"BreadcrumbList\",\"@id\":\"https:\\\/\\\/idro.es\\\/oportunidades-mercado-hpp\\\/#breadcrumb\",\"itemListElement\":[{\"@type\":\"ListItem\",\"position\":1,\"name\":\"IDRO - HPP\",\"item\":\"https:\\\/\\\/idro.es\\\/\"},{\"@type\":\"ListItem\",\"position\":2,\"name\":\"oportunidades\"}]},{\"@type\":\"WebSite\",\"@id\":\"https:\\\/\\\/idro.es\\\/#website\",\"url\":\"https:\\\/\\\/idro.es\\\/\",\"name\":\"IDRO\",\"description\":\"HPP Food Technology\",\"publisher\":{\"@id\":\"https:\\\/\\\/idro.es\\\/#organization\"},\"potentialAction\":[{\"@type\":\"SearchAction\",\"target\":{\"@type\":\"EntryPoint\",\"urlTemplate\":\"https:\\\/\\\/idro.es\\\/?s={search_term_string}\"},\"query-input\":{\"@type\":\"PropertyValueSpecification\",\"valueRequired\":true,\"valueName\":\"search_term_string\"}}],\"inLanguage\":\"pt-PT\"},{\"@type\":\"Organization\",\"@id\":\"https:\\\/\\\/idro.es\\\/#organization\",\"name\":\"Idro\",\"url\":\"https:\\\/\\\/idro.es\\\/\",\"logo\":{\"@type\":\"ImageObject\",\"inLanguage\":\"pt-PT\",\"@id\":\"https:\\\/\\\/idro.es\\\/#\\\/schema\\\/logo\\\/image\\\/\",\"url\":\"https:\\\/\\\/idro.es\\\/wp-content\\\/uploads\\\/2015\\\/09\\\/logo_header7.jpg\",\"contentUrl\":\"https:\\\/\\\/idro.es\\\/wp-content\\\/uploads\\\/2015\\\/09\\\/logo_header7.jpg\",\"width\":648,\"height\":149,\"caption\":\"Idro\"},\"image\":{\"@id\":\"https:\\\/\\\/idro.es\\\/#\\\/schema\\\/logo\\\/image\\\/\"},\"sameAs\":[\"https:\\\/\\\/www.youtube.com\\\/channel\\\/UCThdYuqEo6cvevQbZBVlDqg\",\"https:\\\/\\\/www.linkedin.com\\\/company\\\/idro-hpp-food-technology-s-l\\\/\"]}]}<\/script>\n<!-- \/ Yoast SEO plugin. -->","yoast_head_json":{"title":"Oportunidades del Mercado HPP - IDRO","description":"Nuestra tecnolog\u00eda brinda nuevas oportunidades en el mercado HPP, potencia la calidad y rentabilidad de los productos y promueve una alimentaci\u00f3n m\u00e1s sana.","robots":{"index":"index","follow":"follow","max-snippet":"max-snippet:-1","max-image-preview":"max-image-preview:large","max-video-preview":"max-video-preview:-1"},"canonical":"https:\/\/idro.es\/oportunidades-mercado-hpp\/","og_locale":"pt_PT","og_type":"article","og_title":"Oportunidades del Mercado HPP - IDRO","og_description":"Nuestra tecnolog\u00eda brinda nuevas oportunidades en el mercado HPP, potencia la calidad y rentabilidad de los productos y promueve una alimentaci\u00f3n m\u00e1s sana.","og_url":"https:\/\/idro.es\/oportunidades-mercado-hpp\/","og_site_name":"IDRO","article_modified_time":"2023-10-04T13:05:22+00:00","twitter_card":"summary_large_image","twitter_misc":{"Tempo estimado de leitura":"1 minuto"},"schema":{"@context":"https:\/\/schema.org","@graph":[{"@type":"WebPage","@id":"https:\/\/idro.es\/oportunidades-mercado-hpp\/","url":"https:\/\/idro.es\/oportunidades-mercado-hpp\/","name":"Oportunidades del Mercado HPP - IDRO","isPartOf":{"@id":"https:\/\/idro.es\/#website"},"datePublished":"2015-07-22T10:24:01+00:00","dateModified":"2023-10-04T13:05:22+00:00","description":"Nuestra tecnolog\u00eda brinda nuevas oportunidades en el mercado HPP, potencia la calidad y rentabilidad de los productos y promueve una alimentaci\u00f3n m\u00e1s sana.","breadcrumb":{"@id":"https:\/\/idro.es\/oportunidades-mercado-hpp\/#breadcrumb"},"inLanguage":"pt-PT","potentialAction":[{"@type":"ReadAction","target":["https:\/\/idro.es\/oportunidades-mercado-hpp\/"]}]},{"@type":"BreadcrumbList","@id":"https:\/\/idro.es\/oportunidades-mercado-hpp\/#breadcrumb","itemListElement":[{"@type":"ListItem","position":1,"name":"IDRO - HPP","item":"https:\/\/idro.es\/"},{"@type":"ListItem","position":2,"name":"oportunidades"}]},{"@type":"WebSite","@id":"https:\/\/idro.es\/#website","url":"https:\/\/idro.es\/","name":"IDRO","description":"HPP Food Technology","publisher":{"@id":"https:\/\/idro.es\/#organization"},"potentialAction":[{"@type":"SearchAction","target":{"@type":"EntryPoint","urlTemplate":"https:\/\/idro.es\/?s={search_term_string}"},"query-input":{"@type":"PropertyValueSpecification","valueRequired":true,"valueName":"search_term_string"}}],"inLanguage":"pt-PT"},{"@type":"Organization","@id":"https:\/\/idro.es\/#organization","name":"Idro","url":"https:\/\/idro.es\/","logo":{"@type":"ImageObject","inLanguage":"pt-PT","@id":"https:\/\/idro.es\/#\/schema\/logo\/image\/","url":"https:\/\/idro.es\/wp-content\/uploads\/2015\/09\/logo_header7.jpg","contentUrl":"https:\/\/idro.es\/wp-content\/uploads\/2015\/09\/logo_header7.jpg","width":648,"height":149,"caption":"Idro"},"image":{"@id":"https:\/\/idro.es\/#\/schema\/logo\/image\/"},"sameAs":["https:\/\/www.youtube.com\/channel\/UCThdYuqEo6cvevQbZBVlDqg","https:\/\/www.linkedin.com\/company\/idro-hpp-food-technology-s-l\/"]}]}},"_links":{"self":[{"href":"https:\/\/idro.es\/pt-pt\/wp-json\/wp\/v2\/pages\/8811","targetHints":{"allow":["GET"]}}],"collection":[{"href":"https:\/\/idro.es\/pt-pt\/wp-json\/wp\/v2\/pages"}],"about":[{"href":"https:\/\/idro.es\/pt-pt\/wp-json\/wp\/v2\/types\/page"}],"author":[{"embeddable":true,"href":"https:\/\/idro.es\/pt-pt\/wp-json\/wp\/v2\/users\/4"}],"replies":[{"embeddable":true,"href":"https:\/\/idro.es\/pt-pt\/wp-json\/wp\/v2\/comments?post=8811"}],"version-history":[{"count":0,"href":"https:\/\/idro.es\/pt-pt\/wp-json\/wp\/v2\/pages\/8811\/revisions"}],"wp:attachment":[{"href":"https:\/\/idro.es\/pt-pt\/wp-json\/wp\/v2\/media?parent=8811"}],"curies":[{"name":"wp","href":"https:\/\/api.w.org\/{rel}","templated":true}]}}