{"id":8801,"date":"2017-05-24T10:45:37","date_gmt":"2017-05-24T10:45:37","guid":{"rendered":"https:\/\/idro.es\/pasteurizacion-frio-alimentos\/zumos-jugos\/"},"modified":"2023-10-26T15:53:37","modified_gmt":"2023-10-26T15:53:37","slug":"sumos","status":"publish","type":"page","link":"https:\/\/idro.es\/pt-pt\/pasteurizacao-de-comida-fria\/sumos\/","title":{"rendered":"Sumos"},"content":{"rendered":"\t\t<div data-elementor-type=\"wp-page\" data-elementor-id=\"8801\" class=\"elementor elementor-8801 elementor-5609\" data-elementor-post-type=\"page\">\n\t\t\t\t\t\t<section class=\"elementor-section elementor-top-section elementor-element elementor-element-4dbc5ae8 elementor-section-full_width elementor-section-stretched elementor-section-height-default elementor-section-height-default qodef-elementor-content-no\" data-id=\"4dbc5ae8\" data-element_type=\"section\" data-e-type=\"section\" data-settings=\"{&quot;stretch_section&quot;:&quot;section-stretched&quot;,&quot;background_background&quot;:&quot;classic&quot;}\">\n\t\t\t\t\t\t\t<div class=\"elementor-background-overlay\"><\/div>\n\t\t\t\t\t\t\t<div class=\"elementor-container elementor-column-gap-default\">\n\t\t\t\t\t<div class=\"elementor-column elementor-col-100 elementor-top-column elementor-element elementor-element-6fdab8dc\" data-id=\"6fdab8dc\" data-element_type=\"column\" data-e-type=\"column\">\n\t\t\t<div class=\"elementor-widget-wrap elementor-element-populated\">\n\t\t\t\t\t\t<div class=\"elementor-element elementor-element-53b6f010 elementor-widget elementor-widget-heading\" data-id=\"53b6f010\" data-element_type=\"widget\" data-e-type=\"widget\" data-widget_type=\"heading.default\">\n\t\t\t\t<div class=\"elementor-widget-container\">\n\t\t\t\t\t<h1 class=\"elementor-heading-title elementor-size-default\">Pasteuriza\u00e7\u00e3o a frio de sucos e sucos<\/h1>\t\t\t\t<\/div>\n\t\t\t\t<\/div>\n\t\t\t\t<div class=\"elementor-element elementor-element-701dcb5d elementor-widget elementor-widget-text-editor\" data-id=\"701dcb5d\" data-element_type=\"widget\" data-e-type=\"widget\" data-widget_type=\"text-editor.default\">\n\t\t\t\t<div class=\"elementor-widget-container\">\n\t\t\t\t\t\t\t\t\tSumos com sabor a fruta acabada de espremer\t\t\t\t\t\t\t\t<\/div>\n\t\t\t\t<\/div>\n\t\t\t\t\t<\/div>\n\t\t<\/div>\n\t\t\t\t\t<\/div>\n\t\t<\/section>\n\t\t\t\t<section class=\"elementor-section elementor-top-section elementor-element elementor-element-01dd9af elementor-section-boxed elementor-section-height-default elementor-section-height-default qodef-elementor-content-no\" data-id=\"01dd9af\" data-element_type=\"section\" data-e-type=\"section\">\n\t\t\t\t\t\t<div class=\"elementor-container elementor-column-gap-default\">\n\t\t\t\t\t<div class=\"elementor-column elementor-col-50 elementor-top-column elementor-element elementor-element-55635c4\" data-id=\"55635c4\" data-element_type=\"column\" data-e-type=\"column\">\n\t\t\t<div class=\"elementor-widget-wrap elementor-element-populated\">\n\t\t\t\t\t\t<div class=\"elementor-element elementor-element-d29607e elementor-widget elementor-widget-text-editor\" data-id=\"d29607e\" data-element_type=\"widget\" data-e-type=\"widget\" data-widget_type=\"text-editor.default\">\n\t\t\t\t<div class=\"elementor-widget-container\">\n\t\t\t\t\t\t\t\t\t<p>Estamos a entrar numa nova etapa na ind\u00fastria dos sumos e bebidas, gra\u00e7as ao processamento por alta press\u00e3o hidrost\u00e1tica (HPP). Os fabricantes que j\u00e1 processam os seus sumos de frutas e legumes naturais com o HPP conseguem obter um sabor fresco diretamente da horta, sem conservantes nem aditivos.<\/p>\t\t\t\t\t\t\t\t<\/div>\n\t\t\t\t<\/div>\n\t\t\t\t<div class=\"elementor-element elementor-element-adc1f08 elementor-widget elementor-widget-heading\" data-id=\"adc1f08\" data-element_type=\"widget\" data-e-type=\"widget\" data-widget_type=\"heading.default\">\n\t\t\t\t<div class=\"elementor-widget-container\">\n\t\t\t\t\t<h2 class=\"elementor-heading-title elementor-size-default\">Vantagens da pasteuriza\u00e7\u00e3o a frio de sucos e sucos<\/h2>\t\t\t\t<\/div>\n\t\t\t\t<\/div>\n\t\t\t\t<div class=\"elementor-element elementor-element-7627ed2 elementor-widget elementor-widget-text-editor\" data-id=\"7627ed2\" data-element_type=\"widget\" data-e-type=\"widget\" data-widget_type=\"text-editor.default\">\n\t\t\t\t<div class=\"elementor-widget-container\">\n\t\t\t\t\t\t\t\t\t<h3 style=\"font-size: 18px !important;\"><strong>Acima as vendas, abaixo as bact\u00e9rias<\/strong><\/h3><p>Ao contr\u00e1rio da pasteuriza\u00e7\u00e3o t\u00e9rmica tradicional, que retira dos sumos e das bebidas os seus nutrientes, enzimas e probi\u00f3ticos, o nosso processo de alta press\u00e3o hidrost\u00e1tica conserva todos os nutrientes e mant\u00e9m-nos intactos.<\/p><h3 style=\"font-size: 18px !important;\"><strong>Maiores oportunidades para a distribui\u00e7\u00e3o<\/strong><\/h3><p>O sabor n\u00e3o \u00e9 a \u00fanica raz\u00e3o pela qual os fabricantes escolhem o sistema HPP para os seus produtos. Os sumos e as bebidas duram mais tempo \u2013 at\u00e9 90 dias, dependendo do processo de embalamento. Este \u00e9 o motivo pelo qual os nossos s\u00f3cios ocupam cada vez mais espa\u00e7o nas estantes dos pontos de venda, aumentando a sua produ\u00e7\u00e3o e tendo menos devolu\u00e7\u00f5es, com um claro aumento dos seus ganhos. \u00c9 um win-win para todos: os consumidores, os retalhistas e os produtores de alimentos.<\/p>\t\t\t\t\t\t\t\t<\/div>\n\t\t\t\t<\/div>\n\t\t\t\t\t<\/div>\n\t\t<\/div>\n\t\t\t\t<div class=\"elementor-column elementor-col-50 elementor-top-column elementor-element elementor-element-7079864\" data-id=\"7079864\" data-element_type=\"column\" data-e-type=\"column\">\n\t\t\t<div class=\"elementor-widget-wrap elementor-element-populated\">\n\t\t\t\t\t\t<div class=\"elementor-element elementor-element-f3c00ca elementor-widget elementor-widget-text-editor\" data-id=\"f3c00ca\" data-element_type=\"widget\" data-e-type=\"widget\" data-widget_type=\"text-editor.default\">\n\t\t\t\t<div class=\"elementor-widget-container\">\n\t\t\t\t\t\t\t\t\t<h3 style=\"font-size: 18px !important;\"><strong>Op\u00e7\u00f5es de embalamento: a combina\u00e7\u00e3o perfeita<\/strong><\/h3><p>\u00c9 bom ter op\u00e7\u00f5es, sobretudo na produ\u00e7\u00e3o. Com o HPP, os sumos e as bebidas podem ser processados na sua embalagem final de livre servi\u00e7o ou em grandes embalagens a granel para o canal Horeca.<\/p><p>Atrav\u00e9s da pressuriza\u00e7\u00e3o a embalagem \u00e9 purificada, por isso o HPP elimina a necessidade de esterilizar as garrafas em separado. Al\u00e9m disso, podem utilizar-se a maioria das embalagens pl\u00e1sticas de alimentos, incluindo o PET, as garrafas de PE e as embalagens stand-up do tipo Doypack.<\/p><p>Com a utiliza\u00e7\u00e3o de embalagens a granel, os produtores podem usar at\u00e9 ao total do volume da m\u00e1quina de HPP e enviar o sumo fresco para o distribuidor final. Al\u00e9m disso, as embalagens a granel permitem que o sumo mantenha intactas todas as suas propriedades durante toda a sua vida \u00fatil.<\/p>\t\t\t\t\t\t\t\t<\/div>\n\t\t\t\t<\/div>\n\t\t\t\t<div class=\"elementor-element elementor-element-50f0cff elementor-align-center elementor-widget elementor-widget-button\" data-id=\"50f0cff\" data-element_type=\"widget\" data-e-type=\"widget\" data-widget_type=\"button.default\">\n\t\t\t\t<div class=\"elementor-widget-container\">\n\t\t\t\t\t\t\t\t\t<div class=\"elementor-button-wrapper\">\n\t\t\t\t\t<a class=\"elementor-button elementor-button-link elementor-size-lg\" href=\"https:\/\/idro.es\/pt-pt\/hpp-technology\/\">\n\t\t\t\t\t\t<span class=\"elementor-button-content-wrapper\">\n\t\t\t\t\t\t\t\t\t<span class=\"elementor-button-text\">Saiba mais sobre a tecnologia HPP<\/span>\n\t\t\t\t\t<\/span>\n\t\t\t\t\t<\/a>\n\t\t\t\t<\/div>\n\t\t\t\t\t\t\t\t<\/div>\n\t\t\t\t<\/div>\n\t\t\t\t\t<\/div>\n\t\t<\/div>\n\t\t\t\t\t<\/div>\n\t\t<\/section>\n\t\t\t\t<section class=\"elementor-section elementor-top-section elementor-element elementor-element-cff7ffd elementor-section-boxed elementor-section-height-default elementor-section-height-default qodef-elementor-content-no\" data-id=\"cff7ffd\" data-element_type=\"section\" data-e-type=\"section\">\n\t\t\t\t\t\t<div class=\"elementor-container elementor-column-gap-default\">\n\t\t\t\t\t<div class=\"elementor-column elementor-col-100 elementor-top-column elementor-element elementor-element-a8b27f2\" data-id=\"a8b27f2\" data-element_type=\"column\" data-e-type=\"column\">\n\t\t\t<div class=\"elementor-widget-wrap elementor-element-populated\">\n\t\t\t\t\t\t<div class=\"elementor-element elementor-element-80c055c elementor-widget elementor-widget-spacer\" data-id=\"80c055c\" data-element_type=\"widget\" data-e-type=\"widget\" data-widget_type=\"spacer.default\">\n\t\t\t\t<div class=\"elementor-widget-container\">\n\t\t\t\t\t\t\t<div class=\"elementor-spacer\">\n\t\t\t<div class=\"elementor-spacer-inner\"><\/div>\n\t\t<\/div>\n\t\t\t\t\t\t<\/div>\n\t\t\t\t<\/div>\n\t\t\t\t\t<\/div>\n\t\t<\/div>\n\t\t\t\t\t<\/div>\n\t\t<\/section>\n\t\t\t\t<\/div>\n\t\t","protected":false},"excerpt":{"rendered":"<p>Pasteuriza\u00e7\u00e3o a frio de sucos e sucos Sumos com sabor a fruta acabada de espremer Estamos a entrar numa nova etapa na ind\u00fastria dos sumos e bebidas, gra\u00e7as ao processamento por alta press\u00e3o hidrost\u00e1tica (HPP). Os fabricantes que j\u00e1 processam os seus sumos de frutas e legumes naturais com o HPP conseguem obter um sabor [&hellip;]<\/p>\n","protected":false},"author":4,"featured_media":0,"parent":8732,"menu_order":0,"comment_status":"closed","ping_status":"closed","template":"","meta":{"footnotes":""},"class_list":["post-8801","page","type-page","status-publish","hentry"],"yoast_head":"<!-- This site is optimized with the Yoast SEO plugin v27.6 - https:\/\/yoast.com\/product\/yoast-seo-wordpress\/ -->\n<title>Pasteuriza\u00e7\u00e3o a frio de sumos - IDRO<\/title>\n<meta name=\"description\" content=\"Com a pasteuriza\u00e7\u00e3o a frio dos sumos consegue-se maior durabilidade e seguran\u00e7a. Descubra os benef\u00edcios do m\u00e9todo HPP.\" \/>\n<meta name=\"robots\" content=\"index, follow, max-snippet:-1, max-image-preview:large, max-video-preview:-1\" \/>\n<link rel=\"canonical\" href=\"https:\/\/idro.es\/pt-pt\/pasteurizacao-de-comida-fria\/sumos\/\" \/>\n<meta property=\"og:locale\" content=\"pt_PT\" \/>\n<meta property=\"og:type\" content=\"article\" \/>\n<meta property=\"og:title\" content=\"Pasteuriza\u00e7\u00e3o a frio de sumos - IDRO\" \/>\n<meta property=\"og:description\" content=\"Com a pasteuriza\u00e7\u00e3o a frio dos sumos consegue-se maior durabilidade e seguran\u00e7a. Descubra os benef\u00edcios do m\u00e9todo HPP.\" \/>\n<meta property=\"og:url\" content=\"https:\/\/idro.es\/pt-pt\/pasteurizacao-de-comida-fria\/sumos\/\" \/>\n<meta property=\"og:site_name\" content=\"IDRO\" \/>\n<meta property=\"article:modified_time\" content=\"2023-10-26T15:53:37+00:00\" \/>\n<meta name=\"twitter:card\" content=\"summary_large_image\" \/>\n<meta name=\"twitter:label1\" content=\"Tempo estimado de leitura\" \/>\n\t<meta name=\"twitter:data1\" content=\"2 minutos\" \/>\n<script type=\"application\/ld+json\" class=\"yoast-schema-graph\">{\"@context\":\"https:\\\/\\\/schema.org\",\"@graph\":[{\"@type\":\"WebPage\",\"@id\":\"https:\\\/\\\/idro.es\\\/pt-pt\\\/pasteurizacao-de-comida-fria\\\/sumos\\\/\",\"url\":\"https:\\\/\\\/idro.es\\\/pt-pt\\\/pasteurizacao-de-comida-fria\\\/sumos\\\/\",\"name\":\"Pasteuriza\u00e7\u00e3o a frio de sumos - IDRO\",\"isPartOf\":{\"@id\":\"https:\\\/\\\/idro.es\\\/#website\"},\"datePublished\":\"2017-05-24T10:45:37+00:00\",\"dateModified\":\"2023-10-26T15:53:37+00:00\",\"description\":\"Com a pasteuriza\u00e7\u00e3o a frio dos sumos consegue-se maior durabilidade e seguran\u00e7a. Descubra os benef\u00edcios do m\u00e9todo HPP.\",\"breadcrumb\":{\"@id\":\"https:\\\/\\\/idro.es\\\/pt-pt\\\/pasteurizacao-de-comida-fria\\\/sumos\\\/#breadcrumb\"},\"inLanguage\":\"pt-PT\",\"potentialAction\":[{\"@type\":\"ReadAction\",\"target\":[\"https:\\\/\\\/idro.es\\\/pt-pt\\\/pasteurizacao-de-comida-fria\\\/sumos\\\/\"]}]},{\"@type\":\"BreadcrumbList\",\"@id\":\"https:\\\/\\\/idro.es\\\/pt-pt\\\/pasteurizacao-de-comida-fria\\\/sumos\\\/#breadcrumb\",\"itemListElement\":[{\"@type\":\"ListItem\",\"position\":1,\"name\":\"IDRO - HPP\",\"item\":\"https:\\\/\\\/idro.es\\\/\"},{\"@type\":\"ListItem\",\"position\":2,\"name\":\"Formul\u00e1rios\",\"item\":\"https:\\\/\\\/idro.es\\\/pt-pt\\\/pasteurizacao-de-comida-fria\\\/\"},{\"@type\":\"ListItem\",\"position\":3,\"name\":\"Sumos\"}]},{\"@type\":\"WebSite\",\"@id\":\"https:\\\/\\\/idro.es\\\/#website\",\"url\":\"https:\\\/\\\/idro.es\\\/\",\"name\":\"IDRO\",\"description\":\"HPP Food Technology\",\"publisher\":{\"@id\":\"https:\\\/\\\/idro.es\\\/#organization\"},\"potentialAction\":[{\"@type\":\"SearchAction\",\"target\":{\"@type\":\"EntryPoint\",\"urlTemplate\":\"https:\\\/\\\/idro.es\\\/?s={search_term_string}\"},\"query-input\":{\"@type\":\"PropertyValueSpecification\",\"valueRequired\":true,\"valueName\":\"search_term_string\"}}],\"inLanguage\":\"pt-PT\"},{\"@type\":\"Organization\",\"@id\":\"https:\\\/\\\/idro.es\\\/#organization\",\"name\":\"Idro\",\"url\":\"https:\\\/\\\/idro.es\\\/\",\"logo\":{\"@type\":\"ImageObject\",\"inLanguage\":\"pt-PT\",\"@id\":\"https:\\\/\\\/idro.es\\\/#\\\/schema\\\/logo\\\/image\\\/\",\"url\":\"https:\\\/\\\/idro.es\\\/wp-content\\\/uploads\\\/2015\\\/09\\\/logo_header7.jpg\",\"contentUrl\":\"https:\\\/\\\/idro.es\\\/wp-content\\\/uploads\\\/2015\\\/09\\\/logo_header7.jpg\",\"width\":648,\"height\":149,\"caption\":\"Idro\"},\"image\":{\"@id\":\"https:\\\/\\\/idro.es\\\/#\\\/schema\\\/logo\\\/image\\\/\"},\"sameAs\":[\"https:\\\/\\\/www.youtube.com\\\/channel\\\/UCThdYuqEo6cvevQbZBVlDqg\",\"https:\\\/\\\/www.linkedin.com\\\/company\\\/idro-hpp-food-technology-s-l\\\/\"]}]}<\/script>\n<!-- \/ Yoast SEO plugin. -->","yoast_head_json":{"title":"Pasteuriza\u00e7\u00e3o a frio de sumos - IDRO","description":"Com a pasteuriza\u00e7\u00e3o a frio dos sumos consegue-se maior durabilidade e seguran\u00e7a. Descubra os benef\u00edcios do m\u00e9todo HPP.","robots":{"index":"index","follow":"follow","max-snippet":"max-snippet:-1","max-image-preview":"max-image-preview:large","max-video-preview":"max-video-preview:-1"},"canonical":"https:\/\/idro.es\/pt-pt\/pasteurizacao-de-comida-fria\/sumos\/","og_locale":"pt_PT","og_type":"article","og_title":"Pasteuriza\u00e7\u00e3o a frio de sumos - IDRO","og_description":"Com a pasteuriza\u00e7\u00e3o a frio dos sumos consegue-se maior durabilidade e seguran\u00e7a. Descubra os benef\u00edcios do m\u00e9todo HPP.","og_url":"https:\/\/idro.es\/pt-pt\/pasteurizacao-de-comida-fria\/sumos\/","og_site_name":"IDRO","article_modified_time":"2023-10-26T15:53:37+00:00","twitter_card":"summary_large_image","twitter_misc":{"Tempo estimado de leitura":"2 minutos"},"schema":{"@context":"https:\/\/schema.org","@graph":[{"@type":"WebPage","@id":"https:\/\/idro.es\/pt-pt\/pasteurizacao-de-comida-fria\/sumos\/","url":"https:\/\/idro.es\/pt-pt\/pasteurizacao-de-comida-fria\/sumos\/","name":"Pasteuriza\u00e7\u00e3o a frio de sumos - IDRO","isPartOf":{"@id":"https:\/\/idro.es\/#website"},"datePublished":"2017-05-24T10:45:37+00:00","dateModified":"2023-10-26T15:53:37+00:00","description":"Com a pasteuriza\u00e7\u00e3o a frio dos sumos consegue-se maior durabilidade e seguran\u00e7a. Descubra os benef\u00edcios do m\u00e9todo HPP.","breadcrumb":{"@id":"https:\/\/idro.es\/pt-pt\/pasteurizacao-de-comida-fria\/sumos\/#breadcrumb"},"inLanguage":"pt-PT","potentialAction":[{"@type":"ReadAction","target":["https:\/\/idro.es\/pt-pt\/pasteurizacao-de-comida-fria\/sumos\/"]}]},{"@type":"BreadcrumbList","@id":"https:\/\/idro.es\/pt-pt\/pasteurizacao-de-comida-fria\/sumos\/#breadcrumb","itemListElement":[{"@type":"ListItem","position":1,"name":"IDRO - HPP","item":"https:\/\/idro.es\/"},{"@type":"ListItem","position":2,"name":"Formul\u00e1rios","item":"https:\/\/idro.es\/pt-pt\/pasteurizacao-de-comida-fria\/"},{"@type":"ListItem","position":3,"name":"Sumos"}]},{"@type":"WebSite","@id":"https:\/\/idro.es\/#website","url":"https:\/\/idro.es\/","name":"IDRO","description":"HPP Food Technology","publisher":{"@id":"https:\/\/idro.es\/#organization"},"potentialAction":[{"@type":"SearchAction","target":{"@type":"EntryPoint","urlTemplate":"https:\/\/idro.es\/?s={search_term_string}"},"query-input":{"@type":"PropertyValueSpecification","valueRequired":true,"valueName":"search_term_string"}}],"inLanguage":"pt-PT"},{"@type":"Organization","@id":"https:\/\/idro.es\/#organization","name":"Idro","url":"https:\/\/idro.es\/","logo":{"@type":"ImageObject","inLanguage":"pt-PT","@id":"https:\/\/idro.es\/#\/schema\/logo\/image\/","url":"https:\/\/idro.es\/wp-content\/uploads\/2015\/09\/logo_header7.jpg","contentUrl":"https:\/\/idro.es\/wp-content\/uploads\/2015\/09\/logo_header7.jpg","width":648,"height":149,"caption":"Idro"},"image":{"@id":"https:\/\/idro.es\/#\/schema\/logo\/image\/"},"sameAs":["https:\/\/www.youtube.com\/channel\/UCThdYuqEo6cvevQbZBVlDqg","https:\/\/www.linkedin.com\/company\/idro-hpp-food-technology-s-l\/"]}]}},"_links":{"self":[{"href":"https:\/\/idro.es\/pt-pt\/wp-json\/wp\/v2\/pages\/8801","targetHints":{"allow":["GET"]}}],"collection":[{"href":"https:\/\/idro.es\/pt-pt\/wp-json\/wp\/v2\/pages"}],"about":[{"href":"https:\/\/idro.es\/pt-pt\/wp-json\/wp\/v2\/types\/page"}],"author":[{"embeddable":true,"href":"https:\/\/idro.es\/pt-pt\/wp-json\/wp\/v2\/users\/4"}],"replies":[{"embeddable":true,"href":"https:\/\/idro.es\/pt-pt\/wp-json\/wp\/v2\/comments?post=8801"}],"version-history":[{"count":0,"href":"https:\/\/idro.es\/pt-pt\/wp-json\/wp\/v2\/pages\/8801\/revisions"}],"up":[{"embeddable":true,"href":"https:\/\/idro.es\/pt-pt\/wp-json\/wp\/v2\/pages\/8732"}],"wp:attachment":[{"href":"https:\/\/idro.es\/pt-pt\/wp-json\/wp\/v2\/media?parent=8801"}],"curies":[{"name":"wp","href":"https:\/\/api.w.org\/{rel}","templated":true}]}}