{"id":8791,"date":"2017-05-24T10:53:26","date_gmt":"2017-05-24T10:53:26","guid":{"rendered":"https:\/\/idro.es\/pasteurizacion-frio-alimentos\/platos-preparados\/"},"modified":"2023-10-26T16:07:16","modified_gmt":"2023-10-26T16:07:16","slug":"refeicoes-prontas","status":"publish","type":"page","link":"https:\/\/idro.es\/pt-pt\/pasteurizacao-de-comida-fria\/refeicoes-prontas\/","title":{"rendered":"Pratos preparados"},"content":{"rendered":"\t\t<div data-elementor-type=\"wp-page\" data-elementor-id=\"8791\" class=\"elementor elementor-8791 elementor-5618\" data-elementor-post-type=\"page\">\n\t\t\t\t\t\t<section class=\"elementor-section elementor-top-section elementor-element elementor-element-1d4aa9f9 elementor-section-full_width elementor-section-stretched elementor-section-height-default elementor-section-height-default qodef-elementor-content-no\" data-id=\"1d4aa9f9\" data-element_type=\"section\" data-e-type=\"section\" data-settings=\"{&quot;stretch_section&quot;:&quot;section-stretched&quot;,&quot;background_background&quot;:&quot;classic&quot;}\">\n\t\t\t\t\t\t\t<div class=\"elementor-background-overlay\"><\/div>\n\t\t\t\t\t\t\t<div class=\"elementor-container elementor-column-gap-default\">\n\t\t\t\t\t<div class=\"elementor-column elementor-col-100 elementor-top-column elementor-element elementor-element-cf4a6f6\" data-id=\"cf4a6f6\" data-element_type=\"column\" data-e-type=\"column\">\n\t\t\t<div class=\"elementor-widget-wrap elementor-element-populated\">\n\t\t\t\t\t\t<div class=\"elementor-element elementor-element-472bed8 elementor-widget elementor-widget-heading\" data-id=\"472bed8\" data-element_type=\"widget\" data-e-type=\"widget\" data-widget_type=\"heading.default\">\n\t\t\t\t<div class=\"elementor-widget-container\">\n\t\t\t\t\t<h1 class=\"elementor-heading-title elementor-size-default\">Pasteuriza\u00e7\u00e3o de alimentos preparados a frio<\/h1>\t\t\t\t<\/div>\n\t\t\t\t<\/div>\n\t\t\t\t<div class=\"elementor-element elementor-element-2d3be3f elementor-widget elementor-widget-text-editor\" data-id=\"2d3be3f\" data-element_type=\"widget\" data-e-type=\"widget\" data-widget_type=\"text-editor.default\">\n\t\t\t\t<div class=\"elementor-widget-container\">\n\t\t\t\t\t\t\t\t\tFrescos, saborosos e prontos para desaparecerem das estantes\t\t\t\t\t\t\t\t<\/div>\n\t\t\t\t<\/div>\n\t\t\t\t\t<\/div>\n\t\t<\/div>\n\t\t\t\t\t<\/div>\n\t\t<\/section>\n\t\t\t\t<section class=\"elementor-section elementor-top-section elementor-element elementor-element-f984baf elementor-section-boxed elementor-section-height-default elementor-section-height-default qodef-elementor-content-no\" data-id=\"f984baf\" data-element_type=\"section\" data-e-type=\"section\">\n\t\t\t\t\t\t<div class=\"elementor-container elementor-column-gap-default\">\n\t\t\t\t\t<div class=\"elementor-column elementor-col-50 elementor-top-column elementor-element elementor-element-49a15da\" data-id=\"49a15da\" data-element_type=\"column\" data-e-type=\"column\">\n\t\t\t<div class=\"elementor-widget-wrap elementor-element-populated\">\n\t\t\t\t\t\t<div class=\"elementor-element elementor-element-4dfde8a elementor-widget elementor-widget-heading\" data-id=\"4dfde8a\" data-element_type=\"widget\" data-e-type=\"widget\" data-widget_type=\"heading.default\">\n\t\t\t\t<div class=\"elementor-widget-container\">\n\t\t\t\t\t<h2 class=\"elementor-heading-title elementor-size-default\">Tratamento de alta press\u00e3o de pratos preparados<\/h2>\t\t\t\t<\/div>\n\t\t\t\t<\/div>\n\t\t\t\t<div class=\"elementor-element elementor-element-20175a4 elementor-widget elementor-widget-text-editor\" data-id=\"20175a4\" data-element_type=\"widget\" data-e-type=\"widget\" data-widget_type=\"text-editor.default\">\n\t\t\t\t<div class=\"elementor-widget-container\">\n\t\t\t\t\t\t\t\t\t<p>Bem-vindos \u00e0 era da escolha por impulso dos alimentos preparados, frescos e deliciosos, prontos a comer: bem-vindos \u00e0 era HPP.<\/p><p>\u00a0<\/p><p>Embalagens de guacamole, pernas de frango com molho para barbecue, gambas e legumes salteados: com o processamento por altas press\u00f5es hidrost\u00e1ticas (HPP) ter\u00e1 oportunidades ilimitadas de distribui\u00e7\u00e3o de refei\u00e7\u00f5es preparadas que podem durar at\u00e9 90 dias, sem aditivos nem conservantes adicionados. Um sortido de refei\u00e7\u00f5es prontas a comer e f\u00e1ceis de preparar.<\/p><p>\u00a0<\/p><p>Os consumidores adoram a variedade. Desde enchidos a molhos, o sistema HPP satisfaz a procura com aplica\u00e7\u00f5es espec\u00edficas para quase todos os produtos.<\/p>\t\t\t\t\t\t\t\t<\/div>\n\t\t\t\t<\/div>\n\t\t\t\t<div class=\"elementor-element elementor-element-8a2149d elementor-widget elementor-widget-heading\" data-id=\"8a2149d\" data-element_type=\"widget\" data-e-type=\"widget\" data-widget_type=\"heading.default\">\n\t\t\t\t<div class=\"elementor-widget-container\">\n\t\t\t\t\t<h2 class=\"elementor-heading-title elementor-size-default\">Tipos de refei\u00e7\u00f5es prontas que podem ser processadas com HPP<\/h2>\t\t\t\t<\/div>\n\t\t\t\t<\/div>\n\t\t\t\t<div class=\"elementor-element elementor-element-c051ad3 elementor-icon-list--layout-traditional elementor-list-item-link-full_width elementor-widget elementor-widget-icon-list\" data-id=\"c051ad3\" data-element_type=\"widget\" data-e-type=\"widget\" data-widget_type=\"icon-list.default\">\n\t\t\t\t<div class=\"elementor-widget-container\">\n\t\t\t\t\t\t\t<ul class=\"elementor-icon-list-items\">\n\t\t\t\t\t\t\t<li class=\"elementor-icon-list-item\">\n\t\t\t\t\t\t\t\t\t\t\t<span class=\"elementor-icon-list-icon\">\n\t\t\t\t\t\t\t<i aria-hidden=\"true\" class=\"fas fa-check\"><\/i>\t\t\t\t\t\t<\/span>\n\t\t\t\t\t\t\t\t\t\t<span class=\"elementor-icon-list-text\">Saladas e saladas frias<\/span>\n\t\t\t\t\t\t\t\t\t<\/li>\n\t\t\t\t\t\t\t\t<li class=\"elementor-icon-list-item\">\n\t\t\t\t\t\t\t\t\t\t\t<span class=\"elementor-icon-list-icon\">\n\t\t\t\t\t\t\t<i aria-hidden=\"true\" class=\"fas fa-check\"><\/i>\t\t\t\t\t\t<\/span>\n\t\t\t\t\t\t\t\t\t\t<span class=\"elementor-icon-list-text\">Molhos, sopas e cremes<\/span>\n\t\t\t\t\t\t\t\t\t<\/li>\n\t\t\t\t\t\t\t\t<li class=\"elementor-icon-list-item\">\n\t\t\t\t\t\t\t\t\t\t\t<span class=\"elementor-icon-list-icon\">\n\t\t\t\t\t\t\t<i aria-hidden=\"true\" class=\"fas fa-check\"><\/i>\t\t\t\t\t\t<\/span>\n\t\t\t\t\t\t\t\t\t\t<span class=\"elementor-icon-list-text\">Carnes, legumes ou peixe pr\u00e9-cozinhados<\/span>\n\t\t\t\t\t\t\t\t\t<\/li>\n\t\t\t\t\t\t\t\t<li class=\"elementor-icon-list-item\">\n\t\t\t\t\t\t\t\t\t\t\t<span class=\"elementor-icon-list-icon\">\n\t\t\t\t\t\t\t<i aria-hidden=\"true\" class=\"fas fa-check\"><\/i>\t\t\t\t\t\t<\/span>\n\t\t\t\t\t\t\t\t\t\t<span class=\"elementor-icon-list-text\">H\u00famus, guacamole e outros molhos<\/span>\n\t\t\t\t\t\t\t\t\t<\/li>\n\t\t\t\t\t\t\t\t<li class=\"elementor-icon-list-item\">\n\t\t\t\t\t\t\t\t\t\t\t<span class=\"elementor-icon-list-icon\">\n\t\t\t\t\t\t\t<i aria-hidden=\"true\" class=\"fas fa-check\"><\/i>\t\t\t\t\t\t<\/span>\n\t\t\t\t\t\t\t\t\t\t<span class=\"elementor-icon-list-text\">Legumes com massa ou arroz<\/span>\n\t\t\t\t\t\t\t\t\t<\/li>\n\t\t\t\t\t\t\t\t<li class=\"elementor-icon-list-item\">\n\t\t\t\t\t\t\t\t\t\t\t<span class=\"elementor-icon-list-icon\">\n\t\t\t\t\t\t\t<i aria-hidden=\"true\" class=\"fas fa-check\"><\/i>\t\t\t\t\t\t<\/span>\n\t\t\t\t\t\t\t\t\t\t<span class=\"elementor-icon-list-text\">Produtos l\u00e1cteos com toppings<\/span>\n\t\t\t\t\t\t\t\t\t<\/li>\n\t\t\t\t\t\t<\/ul>\n\t\t\t\t\t\t<\/div>\n\t\t\t\t<\/div>\n\t\t\t\t\t<\/div>\n\t\t<\/div>\n\t\t\t\t<div class=\"elementor-column elementor-col-50 elementor-top-column elementor-element elementor-element-48645bf\" data-id=\"48645bf\" data-element_type=\"column\" data-e-type=\"column\">\n\t\t\t<div class=\"elementor-widget-wrap elementor-element-populated\">\n\t\t\t\t\t\t<div class=\"elementor-element elementor-element-8a4f73a elementor-widget elementor-widget-heading\" data-id=\"8a4f73a\" data-element_type=\"widget\" data-e-type=\"widget\" data-widget_type=\"heading.default\">\n\t\t\t\t<div class=\"elementor-widget-container\">\n\t\t\t\t\t<h2 class=\"elementor-heading-title elementor-size-default\">Benef\u00edcios da pasteuriza\u00e7\u00e3o a frio de refei\u00e7\u00f5es prontas<\/h2>\t\t\t\t<\/div>\n\t\t\t\t<\/div>\n\t\t\t\t<div class=\"elementor-element elementor-element-e62c7e0 elementor-widget elementor-widget-heading\" data-id=\"e62c7e0\" data-element_type=\"widget\" data-e-type=\"widget\" data-widget_type=\"heading.default\">\n\t\t\t\t<div class=\"elementor-widget-container\">\n\t\t\t\t\t<h3 class=\"elementor-heading-title elementor-size-default\">Uma explos\u00e3o de sabores sem conservantes<\/h3>\t\t\t\t<\/div>\n\t\t\t\t<\/div>\n\t\t\t\t<div class=\"elementor-element elementor-element-7cb9c62 elementor-widget elementor-widget-text-editor\" data-id=\"7cb9c62\" data-element_type=\"widget\" data-e-type=\"widget\" data-widget_type=\"text-editor.default\">\n\t\t\t\t<div class=\"elementor-widget-container\">\n\t\t\t\t\t\t\t\t\t<p>Os consumidores querem alimentos naturais, com o sabor de um prato rec\u00e9m-preparado. O sistema HPP pode ajud\u00e1-lo a oferec\u00ea-lo. Utilizando apenas \u00e1gua fria, as nossas m\u00e1quinas de HPP ajudam a conservar a textura original, a cor e as vitaminas saud\u00e1veis dos alimentos. Por isso os alimentos HP s\u00e3o t\u00e3o deliciosos!<\/p>\t\t\t\t\t\t\t\t<\/div>\n\t\t\t\t<\/div>\n\t\t\t\t<div class=\"elementor-element elementor-element-43ed5e7 elementor-widget elementor-widget-heading\" data-id=\"43ed5e7\" data-element_type=\"widget\" data-e-type=\"widget\" data-widget_type=\"heading.default\">\n\t\t\t\t<div class=\"elementor-widget-container\">\n\t\t\t\t\t<h3 class=\"elementor-heading-title elementor-size-default\">Alimentos prontos a comer mais seguros e duradouros<\/h3>\t\t\t\t<\/div>\n\t\t\t\t<\/div>\n\t\t\t\t<div class=\"elementor-element elementor-element-1d044b4 elementor-widget elementor-widget-text-editor\" data-id=\"1d044b4\" data-element_type=\"widget\" data-e-type=\"widget\" data-widget_type=\"text-editor.default\">\n\t\t\t\t<div class=\"elementor-widget-container\">\n\t\t\t\t\t\t\t\t\t<p>O sistema HPP processa os produtos embalados prontos para o consumo a 6000 bar para neutralizar os agentes patog\u00e9nicos e aumentar notavelmente a sua vida \u00fatil. Ao processar os alimentos diretamente na embalagem dos consumidores, as nossas m\u00e1quinas eliminam o risco de uma contamina\u00e7\u00e3o posterior para proteger os consumidores e tamb\u00e9m o seu neg\u00f3cio.<\/p>\t\t\t\t\t\t\t\t<\/div>\n\t\t\t\t<\/div>\n\t\t\t\t<div class=\"elementor-element elementor-element-0294b39 elementor-widget elementor-widget-heading\" data-id=\"0294b39\" data-element_type=\"widget\" data-e-type=\"widget\" data-widget_type=\"heading.default\">\n\t\t\t\t<div class=\"elementor-widget-container\">\n\t\t\t\t\t<h3 class=\"elementor-heading-title elementor-size-default\">Adequado para todos os tipos de embalagens<\/h3>\t\t\t\t<\/div>\n\t\t\t\t<\/div>\n\t\t\t\t<div class=\"elementor-element elementor-element-995e5d1 elementor-widget elementor-widget-text-editor\" data-id=\"995e5d1\" data-element_type=\"widget\" data-e-type=\"widget\" data-widget_type=\"text-editor.default\">\n\t\t\t\t<div class=\"elementor-widget-container\">\n\t\t\t\t\t\t\t\t\t<p>O tratamento de alta press\u00e3o hidrost\u00e1tica tamb\u00e9m \u00e9 aplicado em embalagens de alimentos preparados, aumentando ainda mais sua seguran\u00e7a e evitando contamina\u00e7\u00e3o cruzada.<\/p>\t\t\t\t\t\t\t\t<\/div>\n\t\t\t\t<\/div>\n\t\t\t\t\t<\/div>\n\t\t<\/div>\n\t\t\t\t\t<\/div>\n\t\t<\/section>\n\t\t\t\t<section class=\"elementor-section elementor-top-section elementor-element elementor-element-49512b9 elementor-section-boxed elementor-section-height-default elementor-section-height-default qodef-elementor-content-no\" data-id=\"49512b9\" data-element_type=\"section\" data-e-type=\"section\">\n\t\t\t\t\t\t<div class=\"elementor-container elementor-column-gap-default\">\n\t\t\t\t\t<div class=\"elementor-column elementor-col-100 elementor-top-column elementor-element elementor-element-a29e60b\" data-id=\"a29e60b\" data-element_type=\"column\" data-e-type=\"column\">\n\t\t\t<div class=\"elementor-widget-wrap elementor-element-populated\">\n\t\t\t\t\t\t<div class=\"elementor-element elementor-element-b0919ab elementor-widget elementor-widget-spacer\" data-id=\"b0919ab\" data-element_type=\"widget\" data-e-type=\"widget\" data-widget_type=\"spacer.default\">\n\t\t\t\t<div class=\"elementor-widget-container\">\n\t\t\t\t\t\t\t<div class=\"elementor-spacer\">\n\t\t\t<div class=\"elementor-spacer-inner\"><\/div>\n\t\t<\/div>\n\t\t\t\t\t\t<\/div>\n\t\t\t\t<\/div>\n\t\t\t\t\t<\/div>\n\t\t<\/div>\n\t\t\t\t\t<\/div>\n\t\t<\/section>\n\t\t\t\t<\/div>\n\t\t","protected":false},"excerpt":{"rendered":"<p>Pasteuriza\u00e7\u00e3o de alimentos preparados a frio Frescos, saborosos e prontos para desaparecerem das estantes Tratamento de alta press\u00e3o de pratos preparados Bem-vindos \u00e0 era da escolha por impulso dos alimentos preparados, frescos e deliciosos, prontos a comer: bem-vindos \u00e0 era HPP. Embalagens de guacamole, pernas de frango com molho para barbecue, gambas e legumes salteados: [&hellip;]<\/p>\n","protected":false},"author":4,"featured_media":0,"parent":8732,"menu_order":0,"comment_status":"closed","ping_status":"closed","template":"","meta":{"footnotes":""},"class_list":["post-8791","page","type-page","status-publish","hentry"],"yoast_head":"<!-- This site is optimized with the Yoast SEO plugin v27.6 - https:\/\/yoast.com\/product\/yoast-seo-wordpress\/ -->\n<title>Tratamento de pratos preparados a alta press\u00e3o - HPP<\/title>\n<meta name=\"description\" content=\"O tratamento de pratos preparados a alta press\u00e3o permite-nos obter alimentos mais duradouros, mais saud\u00e1veis \u200b\u200be mais saborosos.\" \/>\n<meta name=\"robots\" content=\"index, follow, max-snippet:-1, max-image-preview:large, max-video-preview:-1\" \/>\n<link rel=\"canonical\" href=\"https:\/\/idro.es\/pt-pt\/pasteurizacao-de-comida-fria\/refeicoes-prontas\/\" \/>\n<meta property=\"og:locale\" content=\"pt_PT\" \/>\n<meta property=\"og:type\" content=\"article\" \/>\n<meta property=\"og:title\" content=\"Tratamento de pratos preparados a alta press\u00e3o - HPP\" \/>\n<meta property=\"og:description\" content=\"O tratamento de pratos preparados a alta press\u00e3o permite-nos obter alimentos mais duradouros, mais saud\u00e1veis \u200b\u200be mais saborosos.\" \/>\n<meta property=\"og:url\" content=\"https:\/\/idro.es\/pt-pt\/pasteurizacao-de-comida-fria\/refeicoes-prontas\/\" \/>\n<meta property=\"og:site_name\" content=\"IDRO\" \/>\n<meta property=\"article:modified_time\" content=\"2023-10-26T16:07:16+00:00\" \/>\n<meta name=\"twitter:card\" content=\"summary_large_image\" \/>\n<meta name=\"twitter:label1\" content=\"Tempo estimado de leitura\" \/>\n\t<meta name=\"twitter:data1\" content=\"2 minutos\" \/>\n<script type=\"application\/ld+json\" class=\"yoast-schema-graph\">{\"@context\":\"https:\\\/\\\/schema.org\",\"@graph\":[{\"@type\":\"WebPage\",\"@id\":\"https:\\\/\\\/idro.es\\\/pt-pt\\\/pasteurizacao-de-comida-fria\\\/refeicoes-prontas\\\/\",\"url\":\"https:\\\/\\\/idro.es\\\/pt-pt\\\/pasteurizacao-de-comida-fria\\\/refeicoes-prontas\\\/\",\"name\":\"Tratamento de pratos preparados a alta press\u00e3o - HPP\",\"isPartOf\":{\"@id\":\"https:\\\/\\\/idro.es\\\/#website\"},\"datePublished\":\"2017-05-24T10:53:26+00:00\",\"dateModified\":\"2023-10-26T16:07:16+00:00\",\"description\":\"O tratamento de pratos preparados a alta press\u00e3o permite-nos obter alimentos mais duradouros, mais saud\u00e1veis \u200b\u200be mais saborosos.\",\"breadcrumb\":{\"@id\":\"https:\\\/\\\/idro.es\\\/pt-pt\\\/pasteurizacao-de-comida-fria\\\/refeicoes-prontas\\\/#breadcrumb\"},\"inLanguage\":\"pt-PT\",\"potentialAction\":[{\"@type\":\"ReadAction\",\"target\":[\"https:\\\/\\\/idro.es\\\/pt-pt\\\/pasteurizacao-de-comida-fria\\\/refeicoes-prontas\\\/\"]}]},{\"@type\":\"BreadcrumbList\",\"@id\":\"https:\\\/\\\/idro.es\\\/pt-pt\\\/pasteurizacao-de-comida-fria\\\/refeicoes-prontas\\\/#breadcrumb\",\"itemListElement\":[{\"@type\":\"ListItem\",\"position\":1,\"name\":\"IDRO - HPP\",\"item\":\"https:\\\/\\\/idro.es\\\/\"},{\"@type\":\"ListItem\",\"position\":2,\"name\":\"Formul\u00e1rios\",\"item\":\"https:\\\/\\\/idro.es\\\/pt-pt\\\/pasteurizacao-de-comida-fria\\\/\"},{\"@type\":\"ListItem\",\"position\":3,\"name\":\"Pratos preparados\"}]},{\"@type\":\"WebSite\",\"@id\":\"https:\\\/\\\/idro.es\\\/#website\",\"url\":\"https:\\\/\\\/idro.es\\\/\",\"name\":\"IDRO\",\"description\":\"HPP Food Technology\",\"publisher\":{\"@id\":\"https:\\\/\\\/idro.es\\\/#organization\"},\"potentialAction\":[{\"@type\":\"SearchAction\",\"target\":{\"@type\":\"EntryPoint\",\"urlTemplate\":\"https:\\\/\\\/idro.es\\\/?s={search_term_string}\"},\"query-input\":{\"@type\":\"PropertyValueSpecification\",\"valueRequired\":true,\"valueName\":\"search_term_string\"}}],\"inLanguage\":\"pt-PT\"},{\"@type\":\"Organization\",\"@id\":\"https:\\\/\\\/idro.es\\\/#organization\",\"name\":\"Idro\",\"url\":\"https:\\\/\\\/idro.es\\\/\",\"logo\":{\"@type\":\"ImageObject\",\"inLanguage\":\"pt-PT\",\"@id\":\"https:\\\/\\\/idro.es\\\/#\\\/schema\\\/logo\\\/image\\\/\",\"url\":\"https:\\\/\\\/idro.es\\\/wp-content\\\/uploads\\\/2015\\\/09\\\/logo_header7.jpg\",\"contentUrl\":\"https:\\\/\\\/idro.es\\\/wp-content\\\/uploads\\\/2015\\\/09\\\/logo_header7.jpg\",\"width\":648,\"height\":149,\"caption\":\"Idro\"},\"image\":{\"@id\":\"https:\\\/\\\/idro.es\\\/#\\\/schema\\\/logo\\\/image\\\/\"},\"sameAs\":[\"https:\\\/\\\/www.youtube.com\\\/channel\\\/UCThdYuqEo6cvevQbZBVlDqg\",\"https:\\\/\\\/www.linkedin.com\\\/company\\\/idro-hpp-food-technology-s-l\\\/\"]}]}<\/script>\n<!-- \/ Yoast SEO plugin. -->","yoast_head_json":{"title":"Tratamento de pratos preparados a alta press\u00e3o - HPP","description":"O tratamento de pratos preparados a alta press\u00e3o permite-nos obter alimentos mais duradouros, mais saud\u00e1veis \u200b\u200be mais saborosos.","robots":{"index":"index","follow":"follow","max-snippet":"max-snippet:-1","max-image-preview":"max-image-preview:large","max-video-preview":"max-video-preview:-1"},"canonical":"https:\/\/idro.es\/pt-pt\/pasteurizacao-de-comida-fria\/refeicoes-prontas\/","og_locale":"pt_PT","og_type":"article","og_title":"Tratamento de pratos preparados a alta press\u00e3o - HPP","og_description":"O tratamento de pratos preparados a alta press\u00e3o permite-nos obter alimentos mais duradouros, mais saud\u00e1veis \u200b\u200be mais saborosos.","og_url":"https:\/\/idro.es\/pt-pt\/pasteurizacao-de-comida-fria\/refeicoes-prontas\/","og_site_name":"IDRO","article_modified_time":"2023-10-26T16:07:16+00:00","twitter_card":"summary_large_image","twitter_misc":{"Tempo estimado de leitura":"2 minutos"},"schema":{"@context":"https:\/\/schema.org","@graph":[{"@type":"WebPage","@id":"https:\/\/idro.es\/pt-pt\/pasteurizacao-de-comida-fria\/refeicoes-prontas\/","url":"https:\/\/idro.es\/pt-pt\/pasteurizacao-de-comida-fria\/refeicoes-prontas\/","name":"Tratamento de pratos preparados a alta press\u00e3o - HPP","isPartOf":{"@id":"https:\/\/idro.es\/#website"},"datePublished":"2017-05-24T10:53:26+00:00","dateModified":"2023-10-26T16:07:16+00:00","description":"O tratamento de pratos preparados a alta press\u00e3o permite-nos obter alimentos mais duradouros, mais saud\u00e1veis \u200b\u200be mais saborosos.","breadcrumb":{"@id":"https:\/\/idro.es\/pt-pt\/pasteurizacao-de-comida-fria\/refeicoes-prontas\/#breadcrumb"},"inLanguage":"pt-PT","potentialAction":[{"@type":"ReadAction","target":["https:\/\/idro.es\/pt-pt\/pasteurizacao-de-comida-fria\/refeicoes-prontas\/"]}]},{"@type":"BreadcrumbList","@id":"https:\/\/idro.es\/pt-pt\/pasteurizacao-de-comida-fria\/refeicoes-prontas\/#breadcrumb","itemListElement":[{"@type":"ListItem","position":1,"name":"IDRO - HPP","item":"https:\/\/idro.es\/"},{"@type":"ListItem","position":2,"name":"Formul\u00e1rios","item":"https:\/\/idro.es\/pt-pt\/pasteurizacao-de-comida-fria\/"},{"@type":"ListItem","position":3,"name":"Pratos preparados"}]},{"@type":"WebSite","@id":"https:\/\/idro.es\/#website","url":"https:\/\/idro.es\/","name":"IDRO","description":"HPP Food Technology","publisher":{"@id":"https:\/\/idro.es\/#organization"},"potentialAction":[{"@type":"SearchAction","target":{"@type":"EntryPoint","urlTemplate":"https:\/\/idro.es\/?s={search_term_string}"},"query-input":{"@type":"PropertyValueSpecification","valueRequired":true,"valueName":"search_term_string"}}],"inLanguage":"pt-PT"},{"@type":"Organization","@id":"https:\/\/idro.es\/#organization","name":"Idro","url":"https:\/\/idro.es\/","logo":{"@type":"ImageObject","inLanguage":"pt-PT","@id":"https:\/\/idro.es\/#\/schema\/logo\/image\/","url":"https:\/\/idro.es\/wp-content\/uploads\/2015\/09\/logo_header7.jpg","contentUrl":"https:\/\/idro.es\/wp-content\/uploads\/2015\/09\/logo_header7.jpg","width":648,"height":149,"caption":"Idro"},"image":{"@id":"https:\/\/idro.es\/#\/schema\/logo\/image\/"},"sameAs":["https:\/\/www.youtube.com\/channel\/UCThdYuqEo6cvevQbZBVlDqg","https:\/\/www.linkedin.com\/company\/idro-hpp-food-technology-s-l\/"]}]}},"_links":{"self":[{"href":"https:\/\/idro.es\/pt-pt\/wp-json\/wp\/v2\/pages\/8791","targetHints":{"allow":["GET"]}}],"collection":[{"href":"https:\/\/idro.es\/pt-pt\/wp-json\/wp\/v2\/pages"}],"about":[{"href":"https:\/\/idro.es\/pt-pt\/wp-json\/wp\/v2\/types\/page"}],"author":[{"embeddable":true,"href":"https:\/\/idro.es\/pt-pt\/wp-json\/wp\/v2\/users\/4"}],"replies":[{"embeddable":true,"href":"https:\/\/idro.es\/pt-pt\/wp-json\/wp\/v2\/comments?post=8791"}],"version-history":[{"count":0,"href":"https:\/\/idro.es\/pt-pt\/wp-json\/wp\/v2\/pages\/8791\/revisions"}],"up":[{"embeddable":true,"href":"https:\/\/idro.es\/pt-pt\/wp-json\/wp\/v2\/pages\/8732"}],"wp:attachment":[{"href":"https:\/\/idro.es\/pt-pt\/wp-json\/wp\/v2\/media?parent=8791"}],"curies":[{"name":"wp","href":"https:\/\/api.w.org\/{rel}","templated":true}]}}