{"id":8764,"date":"2017-05-24T10:42:23","date_gmt":"2017-05-24T10:42:23","guid":{"rendered":"https:\/\/idro.es\/pasteurizacion-frio-alimentos\/frutas-verduras-vegetales\/"},"modified":"2023-12-12T11:42:34","modified_gmt":"2023-12-12T10:42:34","slug":"frutas-e-legumes","status":"publish","type":"page","link":"https:\/\/idro.es\/pt-pt\/pasteurizacao-de-comida-fria\/frutas-e-legumes\/","title":{"rendered":"Frutas e Legumes"},"content":{"rendered":"\t\t<div data-elementor-type=\"wp-page\" data-elementor-id=\"8764\" class=\"elementor elementor-8764 elementor-5606\" data-elementor-post-type=\"page\">\n\t\t\t\t\t\t<section class=\"elementor-section elementor-top-section elementor-element elementor-element-29efc50 elementor-section-full_width elementor-section-stretched elementor-section-height-default elementor-section-height-default qodef-elementor-content-no\" data-id=\"29efc50\" data-element_type=\"section\" data-e-type=\"section\" data-settings=\"{&quot;stretch_section&quot;:&quot;section-stretched&quot;,&quot;background_background&quot;:&quot;classic&quot;}\">\n\t\t\t\t\t\t\t<div class=\"elementor-background-overlay\"><\/div>\n\t\t\t\t\t\t\t<div class=\"elementor-container elementor-column-gap-default\">\n\t\t\t\t\t<div class=\"elementor-column elementor-col-100 elementor-top-column elementor-element elementor-element-2a6650e1\" data-id=\"2a6650e1\" data-element_type=\"column\" data-e-type=\"column\">\n\t\t\t<div class=\"elementor-widget-wrap elementor-element-populated\">\n\t\t\t\t\t\t<div class=\"elementor-element elementor-element-35a1bf22 elementor-widget elementor-widget-heading\" data-id=\"35a1bf22\" data-element_type=\"widget\" data-e-type=\"widget\" data-widget_type=\"heading.default\">\n\t\t\t\t<div class=\"elementor-widget-container\">\n\t\t\t\t\t<h1 class=\"elementor-heading-title elementor-size-default\">Pasteuriza\u00e7\u00e3o a frio de frutas e legumes<\/h1>\t\t\t\t<\/div>\n\t\t\t\t<\/div>\n\t\t\t\t<div class=\"elementor-element elementor-element-59eb116d elementor-widget elementor-widget-text-editor\" data-id=\"59eb116d\" data-element_type=\"widget\" data-e-type=\"widget\" data-widget_type=\"text-editor.default\">\n\t\t\t\t<div class=\"elementor-widget-container\">\n\t\t\t\t\t\t\t\t\tProdutos hortifrut\u00edcolas com maior vida \u00fatil\t\t\t\t\t\t\t\t<\/div>\n\t\t\t\t<\/div>\n\t\t\t\t\t<\/div>\n\t\t<\/div>\n\t\t\t\t\t<\/div>\n\t\t<\/section>\n\t\t\t\t<section class=\"elementor-section elementor-top-section elementor-element elementor-element-ef04423 elementor-section-boxed elementor-section-height-default elementor-section-height-default qodef-elementor-content-no\" data-id=\"ef04423\" data-element_type=\"section\" data-e-type=\"section\">\n\t\t\t\t\t\t<div class=\"elementor-container elementor-column-gap-default\">\n\t\t\t\t\t<div class=\"elementor-column elementor-col-50 elementor-top-column elementor-element elementor-element-343e195\" data-id=\"343e195\" data-element_type=\"column\" data-e-type=\"column\">\n\t\t\t<div class=\"elementor-widget-wrap elementor-element-populated\">\n\t\t\t\t\t\t<div class=\"elementor-element elementor-element-76c0e53 elementor-widget elementor-widget-heading\" data-id=\"76c0e53\" data-element_type=\"widget\" data-e-type=\"widget\" data-widget_type=\"heading.default\">\n\t\t\t\t<div class=\"elementor-widget-container\">\n\t\t\t\t\t<h2 class=\"elementor-heading-title elementor-size-default\">Processamento a frio de frutas e vegetais<\/h2>\t\t\t\t<\/div>\n\t\t\t\t<\/div>\n\t\t\t\t<div class=\"elementor-element elementor-element-f8d88d4 elementor-widget elementor-widget-text-editor\" data-id=\"f8d88d4\" data-element_type=\"widget\" data-e-type=\"widget\" data-widget_type=\"text-editor.default\">\n\t\t\t\t<div class=\"elementor-widget-container\">\n\t\t\t\t\t\t\t\t\t<p>O processamento com altas press\u00f5es hidrost\u00e1ticas (HPP) oferece aos consumidores frutas e produtos hort\u00edcolas mais frescos, sem aditivos nem conservantes. Al\u00e9m disso, oferece um valor acrescentado ao consumidor, uma vez que ret\u00e9m as suas qualidades sensoriais: o sabor, a textura, a cor e o conte\u00fado nutricional caracter\u00edstico do produto rec\u00e9m-colhido. Com o HPP, ter\u00e1 oportunidades praticamente ilimitadas para criar produtos de valor acrescentado excecionais.<\/p>\t\t\t\t\t\t\t\t<\/div>\n\t\t\t\t<\/div>\n\t\t\t\t<div class=\"elementor-element elementor-element-ac9f01b elementor-widget elementor-widget-heading\" data-id=\"ac9f01b\" data-element_type=\"widget\" data-e-type=\"widget\" data-widget_type=\"heading.default\">\n\t\t\t\t<div class=\"elementor-widget-container\">\n\t\t\t\t\t<h2 class=\"elementor-heading-title elementor-size-default\">Benef\u00edcios do processamento de frutas e legumes com HPP<\/h2>\t\t\t\t<\/div>\n\t\t\t\t<\/div>\n\t\t\t\t<div class=\"elementor-element elementor-element-5aa6950 elementor-widget elementor-widget-text-editor\" data-id=\"5aa6950\" data-element_type=\"widget\" data-e-type=\"widget\" data-widget_type=\"text-editor.default\">\n\t\t\t\t<div class=\"elementor-widget-container\">\n\t\t\t\t\t\t\t\t\t<h3 style=\"font-size: 18px !important;\"><strong>Saboroso e saud\u00e1vel<\/strong><\/h3><p>O HPP satisfaz a procura dos consumidores pela frescura, o sabor, a nutri\u00e7\u00e3o e a seguran\u00e7a, e tudo isto sem agentes qu\u00edmicos nem conservantes adicionados. Al\u00e9m disso, mant\u00eam-se intactas as vitaminas saud\u00e1veis e as enzimas que o tratamento t\u00e9rmico tradicional destr\u00f3i ou desativa.<\/p><h3 style=\"font-size: 18px !important;\"><strong>Seguran\u00e7a com o HPP<\/strong><\/h3><p>O processamento por altas press\u00f5es hidrost\u00e1ticas (HPP) desativa os agentes patog\u00e9nicos nocivos como a salmonela, o E. coli e a Listeria monocytogenes. Dado que se aplica ao produto j\u00e1 embalado, \u00e9 eliminado o risco de contamina\u00e7\u00e3o posterior com bact\u00e9rias perigosas, o que protege os produtores de dispendiosas a\u00e7\u00f5es de recolha de produtos.<\/p><h3 style=\"font-size: 18px !important;\"><strong>Maior vida \u00fatil, maior rentabilidade<\/strong><\/h3><p>Sabia que todos os anos se desperdi\u00e7a 50% de todas as frutas e legumes? O HPP aumenta a vida \u00fatil das frutas e dos legumes, o que reduz a sua deteriora\u00e7\u00e3o e aumenta os benef\u00edcios.<\/p><h3 style=\"font-size: 18px !important;\"><strong>Produ\u00e7\u00e3o mais segura<\/strong><\/h3><p>Os nossos sistemas de HPP eliminam os riscos de contamina\u00e7\u00e3o ap\u00f3s o processamento, j\u00e1 que desativam os agentes patog\u00e9nicos nos alimentos e na embalagem na mesma opera\u00e7\u00e3o.<\/p><p>Al\u00e9m disso, permitem trabalhar com a maioria das embalagens pl\u00e1sticas de utiliza\u00e7\u00e3o alimentar, bandejas termosseladas e embalagens do tipo Doypack e flow pack.<\/p>\t\t\t\t\t\t\t\t<\/div>\n\t\t\t\t<\/div>\n\t\t\t\t\t<\/div>\n\t\t<\/div>\n\t\t\t\t<div class=\"elementor-column elementor-col-50 elementor-top-column elementor-element elementor-element-6844616\" data-id=\"6844616\" data-element_type=\"column\" data-e-type=\"column\">\n\t\t\t<div class=\"elementor-widget-wrap elementor-element-populated\">\n\t\t\t\t\t\t<div class=\"elementor-element elementor-element-6fe99fd elementor-widget elementor-widget-heading\" data-id=\"6fe99fd\" data-element_type=\"widget\" data-e-type=\"widget\" data-widget_type=\"heading.default\">\n\t\t\t\t<div class=\"elementor-widget-container\">\n\t\t\t\t\t<h2 class=\"elementor-heading-title elementor-size-default\">Os abacates foram os pioneiros\u2026<\/h2>\t\t\t\t<\/div>\n\t\t\t\t<\/div>\n\t\t\t\t<div class=\"elementor-element elementor-element-1334a0e elementor-widget elementor-widget-text-editor\" data-id=\"1334a0e\" data-element_type=\"widget\" data-e-type=\"widget\" data-widget_type=\"text-editor.default\">\n\t\t\t\t<div class=\"elementor-widget-container\">\n\t\t\t\t\t\t\t\t\t<p>Muitos fabricantes participaram na elabora\u00e7\u00e3o de alimentos com o HPP devido ao guacamole natural refrigerado. A seguir vieram as metades de abacate, com uma vida \u00fatil de at\u00e9 30 dias.<\/p><p>A tecnologia HPP aumentou a gama de produtos derivados do abacate. Agora, os processadores de alimentos mais inovadores est\u00e3o a distribuir produtos frescos e saborosos para os supermercados, lojas gourmet, grossistas e canal Horeca.<\/p><p>Molhos, snacks de frutas, cebolas picadas, sumos, batidos de frutas e pur\u00e9 de ma\u00e7\u00e3 s\u00e3o apenas alguns dos produtos de primeira qualidade provenientes de frutas e legumes que podem ser processados com o sistema HPP.<\/p>\t\t\t\t\t\t\t\t<\/div>\n\t\t\t\t<\/div>\n\t\t\t\t\t<\/div>\n\t\t<\/div>\n\t\t\t\t\t<\/div>\n\t\t<\/section>\n\t\t\t\t<section class=\"elementor-section elementor-top-section elementor-element elementor-element-b030657 elementor-section-boxed elementor-section-height-default elementor-section-height-default qodef-elementor-content-no\" data-id=\"b030657\" data-element_type=\"section\" data-e-type=\"section\">\n\t\t\t\t\t\t<div class=\"elementor-container elementor-column-gap-default\">\n\t\t\t\t\t<div class=\"elementor-column elementor-col-100 elementor-top-column elementor-element elementor-element-34d92ee\" data-id=\"34d92ee\" data-element_type=\"column\" data-e-type=\"column\">\n\t\t\t<div class=\"elementor-widget-wrap elementor-element-populated\">\n\t\t\t\t\t\t<div class=\"elementor-element elementor-element-49e2d39 elementor-widget elementor-widget-spacer\" data-id=\"49e2d39\" data-element_type=\"widget\" data-e-type=\"widget\" data-widget_type=\"spacer.default\">\n\t\t\t\t<div class=\"elementor-widget-container\">\n\t\t\t\t\t\t\t<div class=\"elementor-spacer\">\n\t\t\t<div class=\"elementor-spacer-inner\"><\/div>\n\t\t<\/div>\n\t\t\t\t\t\t<\/div>\n\t\t\t\t<\/div>\n\t\t\t\t\t<\/div>\n\t\t<\/div>\n\t\t\t\t\t<\/div>\n\t\t<\/section>\n\t\t\t\t<\/div>\n\t\t","protected":false},"excerpt":{"rendered":"<p>Pasteuriza\u00e7\u00e3o a frio de frutas e legumes Produtos hortifrut\u00edcolas com maior vida \u00fatil Processamento a frio de frutas e vegetais O processamento com altas press\u00f5es hidrost\u00e1ticas (HPP) oferece aos consumidores frutas e produtos hort\u00edcolas mais frescos, sem aditivos nem conservantes. Al\u00e9m disso, oferece um valor acrescentado ao consumidor, uma vez que ret\u00e9m as suas qualidades [&hellip;]<\/p>\n","protected":false},"author":4,"featured_media":0,"parent":8732,"menu_order":0,"comment_status":"closed","ping_status":"closed","template":"","meta":{"footnotes":""},"class_list":["post-8764","page","type-page","status-publish","hentry"],"yoast_head":"<!-- This site is optimized with the Yoast SEO plugin v27.6 - https:\/\/yoast.com\/product\/yoast-seo-wordpress\/ -->\n<title>Processamento a frio de frutas e legumes - IDRO<\/title>\n<meta name=\"description\" content=\"Processamento a frio de frutas, legumes e verduras. Descubra as vantagens da pasteuriza\u00e7\u00e3o a frio de alimentos.\" \/>\n<meta name=\"robots\" content=\"index, follow, max-snippet:-1, max-image-preview:large, max-video-preview:-1\" \/>\n<link rel=\"canonical\" href=\"https:\/\/idro.es\/pt-pt\/pasteurizacao-de-comida-fria\/frutas-e-legumes\/\" \/>\n<meta property=\"og:locale\" content=\"pt_PT\" \/>\n<meta property=\"og:type\" content=\"article\" \/>\n<meta property=\"og:title\" content=\"Processamento a frio de frutas e legumes - IDRO\" \/>\n<meta property=\"og:description\" content=\"Processamento a frio de frutas, legumes e verduras. Descubra as vantagens da pasteuriza\u00e7\u00e3o a frio de alimentos.\" \/>\n<meta property=\"og:url\" content=\"https:\/\/idro.es\/pt-pt\/pasteurizacao-de-comida-fria\/frutas-e-legumes\/\" \/>\n<meta property=\"og:site_name\" content=\"IDRO\" \/>\n<meta property=\"article:modified_time\" content=\"2023-12-12T10:42:34+00:00\" \/>\n<meta name=\"twitter:card\" content=\"summary_large_image\" \/>\n<meta name=\"twitter:label1\" content=\"Tempo estimado de leitura\" \/>\n\t<meta name=\"twitter:data1\" content=\"3 minutos\" \/>\n<script type=\"application\/ld+json\" class=\"yoast-schema-graph\">{\"@context\":\"https:\\\/\\\/schema.org\",\"@graph\":[{\"@type\":\"WebPage\",\"@id\":\"https:\\\/\\\/idro.es\\\/pasteurizacion-frio-alimentos\\\/frutas-verduras-vegetales\\\/\",\"url\":\"https:\\\/\\\/idro.es\\\/pt-pt\\\/pasteurizacao-de-comida-fria\\\/frutas-e-legumes\\\/\",\"name\":\"Processamento a frio de frutas e legumes - IDRO\",\"isPartOf\":{\"@id\":\"https:\\\/\\\/idro.es\\\/#website\"},\"datePublished\":\"2017-05-24T10:42:23+00:00\",\"dateModified\":\"2023-12-12T10:42:34+00:00\",\"description\":\"Processamento a frio de frutas, legumes e verduras. Descubra as vantagens da pasteuriza\u00e7\u00e3o a frio de alimentos.\",\"breadcrumb\":{\"@id\":\"https:\\\/\\\/idro.es\\\/pt-pt\\\/pasteurizacao-de-comida-fria\\\/frutas-e-legumes\\\/#breadcrumb\"},\"inLanguage\":\"pt-PT\",\"potentialAction\":[{\"@type\":\"ReadAction\",\"target\":[\"https:\\\/\\\/idro.es\\\/pt-pt\\\/pasteurizacao-de-comida-fria\\\/frutas-e-legumes\\\/\"]}]},{\"@type\":\"BreadcrumbList\",\"@id\":\"https:\\\/\\\/idro.es\\\/pt-pt\\\/pasteurizacao-de-comida-fria\\\/frutas-e-legumes\\\/#breadcrumb\",\"itemListElement\":[{\"@type\":\"ListItem\",\"position\":1,\"name\":\"IDRO - HPP\",\"item\":\"https:\\\/\\\/idro.es\\\/\"},{\"@type\":\"ListItem\",\"position\":2,\"name\":\"Formul\u00e1rios\",\"item\":\"https:\\\/\\\/idro.es\\\/pt-pt\\\/pasteurizacao-de-comida-fria\\\/\"},{\"@type\":\"ListItem\",\"position\":3,\"name\":\"Frutas e Legumes\"}]},{\"@type\":\"WebSite\",\"@id\":\"https:\\\/\\\/idro.es\\\/#website\",\"url\":\"https:\\\/\\\/idro.es\\\/\",\"name\":\"IDRO\",\"description\":\"HPP Food Technology\",\"publisher\":{\"@id\":\"https:\\\/\\\/idro.es\\\/#organization\"},\"potentialAction\":[{\"@type\":\"SearchAction\",\"target\":{\"@type\":\"EntryPoint\",\"urlTemplate\":\"https:\\\/\\\/idro.es\\\/?s={search_term_string}\"},\"query-input\":{\"@type\":\"PropertyValueSpecification\",\"valueRequired\":true,\"valueName\":\"search_term_string\"}}],\"inLanguage\":\"pt-PT\"},{\"@type\":\"Organization\",\"@id\":\"https:\\\/\\\/idro.es\\\/#organization\",\"name\":\"Idro\",\"url\":\"https:\\\/\\\/idro.es\\\/\",\"logo\":{\"@type\":\"ImageObject\",\"inLanguage\":\"pt-PT\",\"@id\":\"https:\\\/\\\/idro.es\\\/#\\\/schema\\\/logo\\\/image\\\/\",\"url\":\"https:\\\/\\\/idro.es\\\/wp-content\\\/uploads\\\/2015\\\/09\\\/logo_header7.jpg\",\"contentUrl\":\"https:\\\/\\\/idro.es\\\/wp-content\\\/uploads\\\/2015\\\/09\\\/logo_header7.jpg\",\"width\":648,\"height\":149,\"caption\":\"Idro\"},\"image\":{\"@id\":\"https:\\\/\\\/idro.es\\\/#\\\/schema\\\/logo\\\/image\\\/\"},\"sameAs\":[\"https:\\\/\\\/www.youtube.com\\\/channel\\\/UCThdYuqEo6cvevQbZBVlDqg\",\"https:\\\/\\\/www.linkedin.com\\\/company\\\/idro-hpp-food-technology-s-l\\\/\"]}]}<\/script>\n<!-- \/ Yoast SEO plugin. -->","yoast_head_json":{"title":"Processamento a frio de frutas e legumes - IDRO","description":"Processamento a frio de frutas, legumes e verduras. Descubra as vantagens da pasteuriza\u00e7\u00e3o a frio de alimentos.","robots":{"index":"index","follow":"follow","max-snippet":"max-snippet:-1","max-image-preview":"max-image-preview:large","max-video-preview":"max-video-preview:-1"},"canonical":"https:\/\/idro.es\/pt-pt\/pasteurizacao-de-comida-fria\/frutas-e-legumes\/","og_locale":"pt_PT","og_type":"article","og_title":"Processamento a frio de frutas e legumes - IDRO","og_description":"Processamento a frio de frutas, legumes e verduras. Descubra as vantagens da pasteuriza\u00e7\u00e3o a frio de alimentos.","og_url":"https:\/\/idro.es\/pt-pt\/pasteurizacao-de-comida-fria\/frutas-e-legumes\/","og_site_name":"IDRO","article_modified_time":"2023-12-12T10:42:34+00:00","twitter_card":"summary_large_image","twitter_misc":{"Tempo estimado de leitura":"3 minutos"},"schema":{"@context":"https:\/\/schema.org","@graph":[{"@type":"WebPage","@id":"https:\/\/idro.es\/pasteurizacion-frio-alimentos\/frutas-verduras-vegetales\/","url":"https:\/\/idro.es\/pt-pt\/pasteurizacao-de-comida-fria\/frutas-e-legumes\/","name":"Processamento a frio de frutas e legumes - IDRO","isPartOf":{"@id":"https:\/\/idro.es\/#website"},"datePublished":"2017-05-24T10:42:23+00:00","dateModified":"2023-12-12T10:42:34+00:00","description":"Processamento a frio de frutas, legumes e verduras. Descubra as vantagens da pasteuriza\u00e7\u00e3o a frio de alimentos.","breadcrumb":{"@id":"https:\/\/idro.es\/pt-pt\/pasteurizacao-de-comida-fria\/frutas-e-legumes\/#breadcrumb"},"inLanguage":"pt-PT","potentialAction":[{"@type":"ReadAction","target":["https:\/\/idro.es\/pt-pt\/pasteurizacao-de-comida-fria\/frutas-e-legumes\/"]}]},{"@type":"BreadcrumbList","@id":"https:\/\/idro.es\/pt-pt\/pasteurizacao-de-comida-fria\/frutas-e-legumes\/#breadcrumb","itemListElement":[{"@type":"ListItem","position":1,"name":"IDRO - HPP","item":"https:\/\/idro.es\/"},{"@type":"ListItem","position":2,"name":"Formul\u00e1rios","item":"https:\/\/idro.es\/pt-pt\/pasteurizacao-de-comida-fria\/"},{"@type":"ListItem","position":3,"name":"Frutas e Legumes"}]},{"@type":"WebSite","@id":"https:\/\/idro.es\/#website","url":"https:\/\/idro.es\/","name":"IDRO","description":"HPP Food Technology","publisher":{"@id":"https:\/\/idro.es\/#organization"},"potentialAction":[{"@type":"SearchAction","target":{"@type":"EntryPoint","urlTemplate":"https:\/\/idro.es\/?s={search_term_string}"},"query-input":{"@type":"PropertyValueSpecification","valueRequired":true,"valueName":"search_term_string"}}],"inLanguage":"pt-PT"},{"@type":"Organization","@id":"https:\/\/idro.es\/#organization","name":"Idro","url":"https:\/\/idro.es\/","logo":{"@type":"ImageObject","inLanguage":"pt-PT","@id":"https:\/\/idro.es\/#\/schema\/logo\/image\/","url":"https:\/\/idro.es\/wp-content\/uploads\/2015\/09\/logo_header7.jpg","contentUrl":"https:\/\/idro.es\/wp-content\/uploads\/2015\/09\/logo_header7.jpg","width":648,"height":149,"caption":"Idro"},"image":{"@id":"https:\/\/idro.es\/#\/schema\/logo\/image\/"},"sameAs":["https:\/\/www.youtube.com\/channel\/UCThdYuqEo6cvevQbZBVlDqg","https:\/\/www.linkedin.com\/company\/idro-hpp-food-technology-s-l\/"]}]}},"_links":{"self":[{"href":"https:\/\/idro.es\/pt-pt\/wp-json\/wp\/v2\/pages\/8764","targetHints":{"allow":["GET"]}}],"collection":[{"href":"https:\/\/idro.es\/pt-pt\/wp-json\/wp\/v2\/pages"}],"about":[{"href":"https:\/\/idro.es\/pt-pt\/wp-json\/wp\/v2\/types\/page"}],"author":[{"embeddable":true,"href":"https:\/\/idro.es\/pt-pt\/wp-json\/wp\/v2\/users\/4"}],"replies":[{"embeddable":true,"href":"https:\/\/idro.es\/pt-pt\/wp-json\/wp\/v2\/comments?post=8764"}],"version-history":[{"count":0,"href":"https:\/\/idro.es\/pt-pt\/wp-json\/wp\/v2\/pages\/8764\/revisions"}],"up":[{"embeddable":true,"href":"https:\/\/idro.es\/pt-pt\/wp-json\/wp\/v2\/pages\/8732"}],"wp:attachment":[{"href":"https:\/\/idro.es\/pt-pt\/wp-json\/wp\/v2\/media?parent=8764"}],"curies":[{"name":"wp","href":"https:\/\/api.w.org\/{rel}","templated":true}]}}