{"id":8745,"date":"2017-05-24T10:51:27","date_gmt":"2017-05-24T10:51:27","guid":{"rendered":"https:\/\/idro.es\/pasteurizacion-frio-alimentos\/ensaladillas-salsa\/"},"modified":"2023-11-09T16:55:39","modified_gmt":"2023-11-09T16:55:39","slug":"saladas-molhos","status":"publish","type":"page","link":"https:\/\/idro.es\/pt-pt\/pasteurizacao-de-comida-fria\/saladas-molhos\/","title":{"rendered":"Saladas e Molhos"},"content":{"rendered":"\t\t<div data-elementor-type=\"wp-page\" data-elementor-id=\"8745\" class=\"elementor elementor-8745 elementor-5615\" data-elementor-post-type=\"page\">\n\t\t\t\t\t\t<section class=\"elementor-section elementor-top-section elementor-element elementor-element-29fb2c8 elementor-section-full_width elementor-section-stretched elementor-section-height-default elementor-section-height-default qodef-elementor-content-no\" data-id=\"29fb2c8\" data-element_type=\"section\" data-e-type=\"section\" data-settings=\"{&quot;stretch_section&quot;:&quot;section-stretched&quot;,&quot;background_background&quot;:&quot;classic&quot;}\">\n\t\t\t\t\t\t\t<div class=\"elementor-background-overlay\"><\/div>\n\t\t\t\t\t\t\t<div class=\"elementor-container elementor-column-gap-default\">\n\t\t\t\t\t<div class=\"elementor-column elementor-col-100 elementor-top-column elementor-element elementor-element-61ed16f9\" data-id=\"61ed16f9\" data-element_type=\"column\" data-e-type=\"column\">\n\t\t\t<div class=\"elementor-widget-wrap elementor-element-populated\">\n\t\t\t\t\t\t<div class=\"elementor-element elementor-element-2d03d9bf elementor-widget elementor-widget-heading\" data-id=\"2d03d9bf\" data-element_type=\"widget\" data-e-type=\"widget\" data-widget_type=\"heading.default\">\n\t\t\t\t<div class=\"elementor-widget-container\">\n\t\t\t\t\t<h1 class=\"elementor-heading-title elementor-size-default\">SALADAS E MOLHOS<\/h1>\t\t\t\t<\/div>\n\t\t\t\t<\/div>\n\t\t\t\t<div class=\"elementor-element elementor-element-77c988d4 elementor-widget elementor-widget-text-editor\" data-id=\"77c988d4\" data-element_type=\"widget\" data-e-type=\"widget\" data-widget_type=\"text-editor.default\">\n\t\t\t\t<div class=\"elementor-widget-container\">\n\t\t\t\t\t\t\t\t\tProdutos saud\u00e1veis processados com o HPP que criam marca\t\t\t\t\t\t\t\t<\/div>\n\t\t\t\t<\/div>\n\t\t\t\t\t<\/div>\n\t\t<\/div>\n\t\t\t\t\t<\/div>\n\t\t<\/section>\n\t\t\t\t<section class=\"elementor-section elementor-top-section elementor-element elementor-element-0fa1a73 elementor-section-boxed elementor-section-height-default elementor-section-height-default qodef-elementor-content-no\" data-id=\"0fa1a73\" data-element_type=\"section\" data-e-type=\"section\">\n\t\t\t\t\t\t<div class=\"elementor-container elementor-column-gap-default\">\n\t\t\t\t\t<div class=\"elementor-column elementor-col-50 elementor-top-column elementor-element elementor-element-e38e773\" data-id=\"e38e773\" data-element_type=\"column\" data-e-type=\"column\">\n\t\t\t<div class=\"elementor-widget-wrap elementor-element-populated\">\n\t\t\t\t\t\t<div class=\"elementor-element elementor-element-327f0f3 elementor-widget elementor-widget-text-editor\" data-id=\"327f0f3\" data-element_type=\"widget\" data-e-type=\"widget\" data-widget_type=\"text-editor.default\">\n\t\t\t\t<div class=\"elementor-widget-container\">\n\t\t\t\t\t\t\t\t\t<p>O consumidor atual procura alimentos com receitas caseiras em que n\u00e3o tenha de esperar. Para satisfazer esta procura, as grandes cadeias de supermercados est\u00e3o a processar os seus produtos atrav\u00e9s de altas press\u00f5es hidrost\u00e1ticas para oferecer saladas seguras, frescas e prontas a comer. E, devido \u00e0 crescente popularidade destes alimentos naturais e sem conservantes, muitos distribuidores indicam nos seus produtos que usaram o sistema HPP para identificar a sua marca com esses valores de frescura e qualidade, desde a tradicional salada de batata at\u00e9 aos molhos de guacamole e saladas com molho de iogurte. A tecnologia HPP faz com que tudo isto seja poss\u00edvel.<\/p><p>\u00a0<\/p><p><strong>Seguran\u00e7a alimentar, antes de qualquer coisa<\/strong><br \/>O investigador mundialmente reconhecido V. M. Balasubramaniam descreveu a tecnologia HPP como \u201ca mais promissora inova\u00e7\u00e3o em mat\u00e9ria de seguran\u00e7a dos alimentos dos \u00faltimos anos\u201d.<br \/>O HPP mergulha as embalagens de salada em \u00e1gua fria e submete-as a uma press\u00e3o de at\u00e9 6000 bar, o que desativa os agentes patog\u00e9nicos transmitidos pelos alimentos, como o E. coli e a Listeria. Com o HPP, ir\u00e1 ajudar a proteger a sa\u00fade dos consumidores e a reputa\u00e7\u00e3o do seu neg\u00f3cio.<\/p><p>\u00a0<\/p><p><strong>Cheio de sabores, sem conservantes<\/strong><br \/>O processo n\u00e3o s\u00f3 consegue que os alimentos HPP estejam entre os mais seguros, como tamb\u00e9m pode melhorar o seu sabor e textura no paladar. Com o HPP, os fabricantes n\u00e3o t\u00eam que se preocupar com os \u00e1cidos ou aditivos qu\u00edmicos que possam alterar o sabor, a textura e a qualidade dos alimentos.<\/p>\t\t\t\t\t\t\t\t<\/div>\n\t\t\t\t<\/div>\n\t\t\t\t\t<\/div>\n\t\t<\/div>\n\t\t\t\t<div class=\"elementor-column elementor-col-50 elementor-top-column elementor-element elementor-element-4be1a14\" data-id=\"4be1a14\" data-element_type=\"column\" data-e-type=\"column\">\n\t\t\t<div class=\"elementor-widget-wrap elementor-element-populated\">\n\t\t\t\t\t\t<div class=\"elementor-element elementor-element-df47174 elementor-widget elementor-widget-text-editor\" data-id=\"df47174\" data-element_type=\"widget\" data-e-type=\"widget\" data-widget_type=\"text-editor.default\">\n\t\t\t\t<div class=\"elementor-widget-container\">\n\t\t\t\t\t\t\t\t\t<p><strong>M\u00e1ximo sabor, maior vida \u00fatil<\/strong><br \/>Atrav\u00e9s do processamento por alta press\u00e3o hidrost\u00e1tica, os molhos permanecem frescos por mais tempo: na maioria dos casos multiplica-se mais de tr\u00eas vezes a sua vida \u00fatil, preservando tamb\u00e9m os seus nutrientes mais saud\u00e1veis (por vezes destru\u00eddos pela pasteuriza\u00e7\u00e3o t\u00e9rmica).<\/p><p>\u00a0<\/p><p><strong>Exemplos de produtos:<\/strong><\/p>\t\t\t\t\t\t\t\t<\/div>\n\t\t\t\t<\/div>\n\t\t\t\t<div class=\"elementor-element elementor-element-65afbfd elementor-icon-list--layout-traditional elementor-list-item-link-full_width elementor-widget elementor-widget-icon-list\" data-id=\"65afbfd\" data-element_type=\"widget\" data-e-type=\"widget\" data-widget_type=\"icon-list.default\">\n\t\t\t\t<div class=\"elementor-widget-container\">\n\t\t\t\t\t\t\t<ul class=\"elementor-icon-list-items\">\n\t\t\t\t\t\t\t<li class=\"elementor-icon-list-item\">\n\t\t\t\t\t\t\t\t\t\t\t<span class=\"elementor-icon-list-icon\">\n\t\t\t\t\t\t\t<i aria-hidden=\"true\" class=\"fas fa-check\"><\/i>\t\t\t\t\t\t<\/span>\n\t\t\t\t\t\t\t\t\t\t<span class=\"elementor-icon-list-text\">Saladas<\/span>\n\t\t\t\t\t\t\t\t\t<\/li>\n\t\t\t\t\t\t\t\t<li class=\"elementor-icon-list-item\">\n\t\t\t\t\t\t\t\t\t\t\t<span class=\"elementor-icon-list-icon\">\n\t\t\t\t\t\t\t<i aria-hidden=\"true\" class=\"fas fa-check\"><\/i>\t\t\t\t\t\t<\/span>\n\t\t\t\t\t\t\t\t\t\t<span class=\"elementor-icon-list-text\">Molhos<\/span>\n\t\t\t\t\t\t\t\t\t<\/li>\n\t\t\t\t\t\t\t\t<li class=\"elementor-icon-list-item\">\n\t\t\t\t\t\t\t\t\t\t\t<span class=\"elementor-icon-list-icon\">\n\t\t\t\t\t\t\t<i aria-hidden=\"true\" class=\"fas fa-check\"><\/i>\t\t\t\t\t\t<\/span>\n\t\t\t\t\t\t\t\t\t\t<span class=\"elementor-icon-list-text\">H\u00famus<\/span>\n\t\t\t\t\t\t\t\t\t<\/li>\n\t\t\t\t\t\t\t\t<li class=\"elementor-icon-list-item\">\n\t\t\t\t\t\t\t\t\t\t\t<span class=\"elementor-icon-list-icon\">\n\t\t\t\t\t\t\t<i aria-hidden=\"true\" class=\"fas fa-check\"><\/i>\t\t\t\t\t\t<\/span>\n\t\t\t\t\t\t\t\t\t\t<span class=\"elementor-icon-list-text\">Cremes<\/span>\n\t\t\t\t\t\t\t\t\t<\/li>\n\t\t\t\t\t\t\t\t<li class=\"elementor-icon-list-item\">\n\t\t\t\t\t\t\t\t\t\t\t<span class=\"elementor-icon-list-icon\">\n\t\t\t\t\t\t\t<i aria-hidden=\"true\" class=\"fas fa-check\"><\/i>\t\t\t\t\t\t<\/span>\n\t\t\t\t\t\t\t\t\t\t<span class=\"elementor-icon-list-text\">Temperos para saladas<\/span>\n\t\t\t\t\t\t\t\t\t<\/li>\n\t\t\t\t\t\t\t\t<li class=\"elementor-icon-list-item\">\n\t\t\t\t\t\t\t\t\t\t\t<span class=\"elementor-icon-list-icon\">\n\t\t\t\t\t\t\t<i aria-hidden=\"true\" class=\"fas fa-check\"><\/i>\t\t\t\t\t\t<\/span>\n\t\t\t\t\t\t\t\t\t\t<span class=\"elementor-icon-list-text\">Guacamole<\/span>\n\t\t\t\t\t\t\t\t\t<\/li>\n\t\t\t\t\t\t\t\t<li class=\"elementor-icon-list-item\">\n\t\t\t\t\t\t\t\t\t\t\t<span class=\"elementor-icon-list-icon\">\n\t\t\t\t\t\t\t<i aria-hidden=\"true\" class=\"fas fa-check\"><\/i>\t\t\t\t\t\t<\/span>\n\t\t\t\t\t\t\t\t\t\t<span class=\"elementor-icon-list-text\">Sopas<\/span>\n\t\t\t\t\t\t\t\t\t<\/li>\n\t\t\t\t\t\t<\/ul>\n\t\t\t\t\t\t<\/div>\n\t\t\t\t<\/div>\n\t\t\t\t<div class=\"elementor-element elementor-element-79df2ea elementor-widget elementor-widget-text-editor\" data-id=\"79df2ea\" data-element_type=\"widget\" data-e-type=\"widget\" data-widget_type=\"text-editor.default\">\n\t\t\t\t<div class=\"elementor-widget-container\">\n\t\t\t\t\t\t\t\t\t<p><strong>Destacados<\/strong><br \/>Os alimentos preparados com HPP s\u00e3o mais saud\u00e1veis e t\u00eam melhor sabor.<\/p><p>Ao prolongar a vida \u00fatil do produto, o HPP reduz drasticamente as suas perdas e aumenta os benef\u00edcios.<\/p>\t\t\t\t\t\t\t\t<\/div>\n\t\t\t\t<\/div>\n\t\t\t\t\t<\/div>\n\t\t<\/div>\n\t\t\t\t\t<\/div>\n\t\t<\/section>\n\t\t\t\t<section class=\"elementor-section elementor-top-section elementor-element elementor-element-41516d5 elementor-section-boxed elementor-section-height-default elementor-section-height-default qodef-elementor-content-no\" data-id=\"41516d5\" data-element_type=\"section\" data-e-type=\"section\">\n\t\t\t\t\t\t<div class=\"elementor-container elementor-column-gap-default\">\n\t\t\t\t\t<div class=\"elementor-column elementor-col-100 elementor-top-column elementor-element elementor-element-60c6f6d\" data-id=\"60c6f6d\" data-element_type=\"column\" data-e-type=\"column\">\n\t\t\t<div class=\"elementor-widget-wrap elementor-element-populated\">\n\t\t\t\t\t\t<div class=\"elementor-element elementor-element-d58aec2 elementor-widget elementor-widget-spacer\" data-id=\"d58aec2\" data-element_type=\"widget\" data-e-type=\"widget\" data-widget_type=\"spacer.default\">\n\t\t\t\t<div class=\"elementor-widget-container\">\n\t\t\t\t\t\t\t<div class=\"elementor-spacer\">\n\t\t\t<div class=\"elementor-spacer-inner\"><\/div>\n\t\t<\/div>\n\t\t\t\t\t\t<\/div>\n\t\t\t\t<\/div>\n\t\t\t\t\t<\/div>\n\t\t<\/div>\n\t\t\t\t\t<\/div>\n\t\t<\/section>\n\t\t\t\t<\/div>\n\t\t","protected":false},"excerpt":{"rendered":"<p>SALADAS E MOLHOS Produtos saud\u00e1veis processados com o HPP que criam marca O consumidor atual procura alimentos com receitas caseiras em que n\u00e3o tenha de esperar. Para satisfazer esta procura, as grandes cadeias de supermercados est\u00e3o a processar os seus produtos atrav\u00e9s de altas press\u00f5es hidrost\u00e1ticas para oferecer saladas seguras, frescas e prontas a comer. [&hellip;]<\/p>\n","protected":false},"author":4,"featured_media":0,"parent":8732,"menu_order":0,"comment_status":"closed","ping_status":"closed","template":"","meta":{"footnotes":""},"class_list":["post-8745","page","type-page","status-publish","hentry"],"yoast_head":"<!-- This site is optimized with the Yoast SEO plugin v27.6 - https:\/\/yoast.com\/product\/yoast-seo-wordpress\/ -->\n<title>Pasteuriza\u00e7\u00e3o a frio de Molhos, Cremes e Dips - IDRO<\/title>\n<meta name=\"description\" content=\"Descubra os benef\u00edcios da pasteuriza\u00e7\u00e3o a frio de molhos, cremes e molhos que oferecemos na IDRO. Seguran\u00e7a, frescura e poupan\u00e7a.\" \/>\n<meta name=\"robots\" content=\"index, follow, max-snippet:-1, max-image-preview:large, max-video-preview:-1\" \/>\n<link rel=\"canonical\" href=\"https:\/\/idro.es\/pt-pt\/pasteurizacao-de-comida-fria\/saladas-molhos\/\" \/>\n<meta property=\"og:locale\" content=\"pt_PT\" \/>\n<meta property=\"og:type\" content=\"article\" \/>\n<meta property=\"og:title\" content=\"Pasteuriza\u00e7\u00e3o a frio de Molhos, Cremes e Dips - IDRO\" \/>\n<meta property=\"og:description\" content=\"Descubra os benef\u00edcios da pasteuriza\u00e7\u00e3o a frio de molhos, cremes e molhos que oferecemos na IDRO. Seguran\u00e7a, frescura e poupan\u00e7a.\" \/>\n<meta property=\"og:url\" content=\"https:\/\/idro.es\/pt-pt\/pasteurizacao-de-comida-fria\/saladas-molhos\/\" \/>\n<meta property=\"og:site_name\" content=\"IDRO\" \/>\n<meta property=\"article:modified_time\" content=\"2023-11-09T16:55:39+00:00\" \/>\n<meta name=\"twitter:card\" content=\"summary_large_image\" \/>\n<meta name=\"twitter:label1\" content=\"Tempo estimado de leitura\" \/>\n\t<meta name=\"twitter:data1\" content=\"2 minutos\" \/>\n<script type=\"application\/ld+json\" class=\"yoast-schema-graph\">{\"@context\":\"https:\\\/\\\/schema.org\",\"@graph\":[{\"@type\":\"WebPage\",\"@id\":\"https:\\\/\\\/idro.es\\\/pt-pt\\\/pasteurizacao-de-comida-fria\\\/saladas-molhos\\\/\",\"url\":\"https:\\\/\\\/idro.es\\\/pt-pt\\\/pasteurizacao-de-comida-fria\\\/saladas-molhos\\\/\",\"name\":\"Pasteuriza\u00e7\u00e3o a frio de Molhos, Cremes e Dips - IDRO\",\"isPartOf\":{\"@id\":\"https:\\\/\\\/idro.es\\\/#website\"},\"datePublished\":\"2017-05-24T10:51:27+00:00\",\"dateModified\":\"2023-11-09T16:55:39+00:00\",\"description\":\"Descubra os benef\u00edcios da pasteuriza\u00e7\u00e3o a frio de molhos, cremes e molhos que oferecemos na IDRO. Seguran\u00e7a, frescura e poupan\u00e7a.\",\"breadcrumb\":{\"@id\":\"https:\\\/\\\/idro.es\\\/pt-pt\\\/pasteurizacao-de-comida-fria\\\/saladas-molhos\\\/#breadcrumb\"},\"inLanguage\":\"pt-PT\",\"potentialAction\":[{\"@type\":\"ReadAction\",\"target\":[\"https:\\\/\\\/idro.es\\\/pt-pt\\\/pasteurizacao-de-comida-fria\\\/saladas-molhos\\\/\"]}]},{\"@type\":\"BreadcrumbList\",\"@id\":\"https:\\\/\\\/idro.es\\\/pt-pt\\\/pasteurizacao-de-comida-fria\\\/saladas-molhos\\\/#breadcrumb\",\"itemListElement\":[{\"@type\":\"ListItem\",\"position\":1,\"name\":\"IDRO - HPP\",\"item\":\"https:\\\/\\\/idro.es\\\/\"},{\"@type\":\"ListItem\",\"position\":2,\"name\":\"Formul\u00e1rios\",\"item\":\"https:\\\/\\\/idro.es\\\/pt-pt\\\/pasteurizacao-de-comida-fria\\\/\"},{\"@type\":\"ListItem\",\"position\":3,\"name\":\"Saladas e Molhos\"}]},{\"@type\":\"WebSite\",\"@id\":\"https:\\\/\\\/idro.es\\\/#website\",\"url\":\"https:\\\/\\\/idro.es\\\/\",\"name\":\"IDRO\",\"description\":\"HPP Food Technology\",\"publisher\":{\"@id\":\"https:\\\/\\\/idro.es\\\/#organization\"},\"potentialAction\":[{\"@type\":\"SearchAction\",\"target\":{\"@type\":\"EntryPoint\",\"urlTemplate\":\"https:\\\/\\\/idro.es\\\/?s={search_term_string}\"},\"query-input\":{\"@type\":\"PropertyValueSpecification\",\"valueRequired\":true,\"valueName\":\"search_term_string\"}}],\"inLanguage\":\"pt-PT\"},{\"@type\":\"Organization\",\"@id\":\"https:\\\/\\\/idro.es\\\/#organization\",\"name\":\"Idro\",\"url\":\"https:\\\/\\\/idro.es\\\/\",\"logo\":{\"@type\":\"ImageObject\",\"inLanguage\":\"pt-PT\",\"@id\":\"https:\\\/\\\/idro.es\\\/#\\\/schema\\\/logo\\\/image\\\/\",\"url\":\"https:\\\/\\\/idro.es\\\/wp-content\\\/uploads\\\/2015\\\/09\\\/logo_header7.jpg\",\"contentUrl\":\"https:\\\/\\\/idro.es\\\/wp-content\\\/uploads\\\/2015\\\/09\\\/logo_header7.jpg\",\"width\":648,\"height\":149,\"caption\":\"Idro\"},\"image\":{\"@id\":\"https:\\\/\\\/idro.es\\\/#\\\/schema\\\/logo\\\/image\\\/\"},\"sameAs\":[\"https:\\\/\\\/www.youtube.com\\\/channel\\\/UCThdYuqEo6cvevQbZBVlDqg\",\"https:\\\/\\\/www.linkedin.com\\\/company\\\/idro-hpp-food-technology-s-l\\\/\"]}]}<\/script>\n<!-- \/ Yoast SEO plugin. -->","yoast_head_json":{"title":"Pasteuriza\u00e7\u00e3o a frio de Molhos, Cremes e Dips - IDRO","description":"Descubra os benef\u00edcios da pasteuriza\u00e7\u00e3o a frio de molhos, cremes e molhos que oferecemos na IDRO. Seguran\u00e7a, frescura e poupan\u00e7a.","robots":{"index":"index","follow":"follow","max-snippet":"max-snippet:-1","max-image-preview":"max-image-preview:large","max-video-preview":"max-video-preview:-1"},"canonical":"https:\/\/idro.es\/pt-pt\/pasteurizacao-de-comida-fria\/saladas-molhos\/","og_locale":"pt_PT","og_type":"article","og_title":"Pasteuriza\u00e7\u00e3o a frio de Molhos, Cremes e Dips - IDRO","og_description":"Descubra os benef\u00edcios da pasteuriza\u00e7\u00e3o a frio de molhos, cremes e molhos que oferecemos na IDRO. Seguran\u00e7a, frescura e poupan\u00e7a.","og_url":"https:\/\/idro.es\/pt-pt\/pasteurizacao-de-comida-fria\/saladas-molhos\/","og_site_name":"IDRO","article_modified_time":"2023-11-09T16:55:39+00:00","twitter_card":"summary_large_image","twitter_misc":{"Tempo estimado de leitura":"2 minutos"},"schema":{"@context":"https:\/\/schema.org","@graph":[{"@type":"WebPage","@id":"https:\/\/idro.es\/pt-pt\/pasteurizacao-de-comida-fria\/saladas-molhos\/","url":"https:\/\/idro.es\/pt-pt\/pasteurizacao-de-comida-fria\/saladas-molhos\/","name":"Pasteuriza\u00e7\u00e3o a frio de Molhos, Cremes e Dips - IDRO","isPartOf":{"@id":"https:\/\/idro.es\/#website"},"datePublished":"2017-05-24T10:51:27+00:00","dateModified":"2023-11-09T16:55:39+00:00","description":"Descubra os benef\u00edcios da pasteuriza\u00e7\u00e3o a frio de molhos, cremes e molhos que oferecemos na IDRO. Seguran\u00e7a, frescura e poupan\u00e7a.","breadcrumb":{"@id":"https:\/\/idro.es\/pt-pt\/pasteurizacao-de-comida-fria\/saladas-molhos\/#breadcrumb"},"inLanguage":"pt-PT","potentialAction":[{"@type":"ReadAction","target":["https:\/\/idro.es\/pt-pt\/pasteurizacao-de-comida-fria\/saladas-molhos\/"]}]},{"@type":"BreadcrumbList","@id":"https:\/\/idro.es\/pt-pt\/pasteurizacao-de-comida-fria\/saladas-molhos\/#breadcrumb","itemListElement":[{"@type":"ListItem","position":1,"name":"IDRO - HPP","item":"https:\/\/idro.es\/"},{"@type":"ListItem","position":2,"name":"Formul\u00e1rios","item":"https:\/\/idro.es\/pt-pt\/pasteurizacao-de-comida-fria\/"},{"@type":"ListItem","position":3,"name":"Saladas e Molhos"}]},{"@type":"WebSite","@id":"https:\/\/idro.es\/#website","url":"https:\/\/idro.es\/","name":"IDRO","description":"HPP Food Technology","publisher":{"@id":"https:\/\/idro.es\/#organization"},"potentialAction":[{"@type":"SearchAction","target":{"@type":"EntryPoint","urlTemplate":"https:\/\/idro.es\/?s={search_term_string}"},"query-input":{"@type":"PropertyValueSpecification","valueRequired":true,"valueName":"search_term_string"}}],"inLanguage":"pt-PT"},{"@type":"Organization","@id":"https:\/\/idro.es\/#organization","name":"Idro","url":"https:\/\/idro.es\/","logo":{"@type":"ImageObject","inLanguage":"pt-PT","@id":"https:\/\/idro.es\/#\/schema\/logo\/image\/","url":"https:\/\/idro.es\/wp-content\/uploads\/2015\/09\/logo_header7.jpg","contentUrl":"https:\/\/idro.es\/wp-content\/uploads\/2015\/09\/logo_header7.jpg","width":648,"height":149,"caption":"Idro"},"image":{"@id":"https:\/\/idro.es\/#\/schema\/logo\/image\/"},"sameAs":["https:\/\/www.youtube.com\/channel\/UCThdYuqEo6cvevQbZBVlDqg","https:\/\/www.linkedin.com\/company\/idro-hpp-food-technology-s-l\/"]}]}},"_links":{"self":[{"href":"https:\/\/idro.es\/pt-pt\/wp-json\/wp\/v2\/pages\/8745","targetHints":{"allow":["GET"]}}],"collection":[{"href":"https:\/\/idro.es\/pt-pt\/wp-json\/wp\/v2\/pages"}],"about":[{"href":"https:\/\/idro.es\/pt-pt\/wp-json\/wp\/v2\/types\/page"}],"author":[{"embeddable":true,"href":"https:\/\/idro.es\/pt-pt\/wp-json\/wp\/v2\/users\/4"}],"replies":[{"embeddable":true,"href":"https:\/\/idro.es\/pt-pt\/wp-json\/wp\/v2\/comments?post=8745"}],"version-history":[{"count":0,"href":"https:\/\/idro.es\/pt-pt\/wp-json\/wp\/v2\/pages\/8745\/revisions"}],"up":[{"embeddable":true,"href":"https:\/\/idro.es\/pt-pt\/wp-json\/wp\/v2\/pages\/8732"}],"wp:attachment":[{"href":"https:\/\/idro.es\/pt-pt\/wp-json\/wp\/v2\/media?parent=8745"}],"curies":[{"name":"wp","href":"https:\/\/api.w.org\/{rel}","templated":true}]}}