{"id":23068,"date":"2025-07-25T11:32:21","date_gmt":"2025-07-25T09:32:21","guid":{"rendered":"https:\/\/idro.es\/avure-maquinas-hpp\/"},"modified":"2025-07-25T11:33:34","modified_gmt":"2025-07-25T09:33:34","slug":"avure-maquinas-hpp","status":"publish","type":"page","link":"https:\/\/idro.es\/pt-pt\/avure-maquinas-hpp\/","title":{"rendered":"Avure M\u00e1quinas HPP"},"content":{"rendered":"\t\t<div data-elementor-type=\"wp-page\" data-elementor-id=\"23068\" class=\"elementor elementor-23068 elementor-22935\" data-elementor-post-type=\"page\">\n\t\t\t\t\t\t<section class=\"elementor-section elementor-top-section elementor-element elementor-element-14029a8 elementor-section-full_width elementor-section-stretched elementor-section-height-default elementor-section-height-default qodef-elementor-content-no\" data-id=\"14029a8\" data-element_type=\"section\" data-e-type=\"section\" data-settings=\"{&quot;stretch_section&quot;:&quot;section-stretched&quot;}\">\n\t\t\t\t\t\t<div class=\"elementor-container elementor-column-gap-no\">\n\t\t\t\t\t<div class=\"elementor-column elementor-col-100 elementor-top-column elementor-element elementor-element-008f92a\" data-id=\"008f92a\" data-element_type=\"column\" data-e-type=\"column\">\n\t\t\t<div class=\"elementor-widget-wrap elementor-element-populated\">\n\t\t\t\t\t\t<div class=\"elementor-element elementor-element-53c3148 elementor--h-position-center elementor--v-position-middle elementor-arrows-position-inside elementor-widget elementor-widget-slides\" data-id=\"53c3148\" data-element_type=\"widget\" data-e-type=\"widget\" data-settings=\"{&quot;navigation&quot;:&quot;arrows&quot;,&quot;autoplay&quot;:&quot;yes&quot;,&quot;pause_on_hover&quot;:&quot;yes&quot;,&quot;pause_on_interaction&quot;:&quot;yes&quot;,&quot;autoplay_speed&quot;:5000,&quot;infinite&quot;:&quot;yes&quot;,&quot;transition&quot;:&quot;slide&quot;,&quot;transition_speed&quot;:500}\" data-widget_type=\"slides.default\">\n\t\t\t\t<div class=\"elementor-widget-container\">\n\t\t\t\t\t\t\t\t\t<div class=\"elementor-swiper\">\n\t\t\t\t\t<div class=\"elementor-slides-wrapper elementor-main-swiper swiper\" role=\"region\" aria-roledescription=\"carousel\" aria-label=\"Diapositivas\" dir=\"ltr\" data-animation=\"fadeInUp\">\n\t\t\t\t<div class=\"swiper-wrapper elementor-slides\">\n\t\t\t\t\t\t\t\t\t\t<div class=\"elementor-repeater-item-dae6c53 swiper-slide\" role=\"group\" aria-roledescription=\"slide\"><div class=\"swiper-slide-bg elementor-ken-burns elementor-ken-burns--in\" role=\"img\" aria-label=\"tecnologia hpp\"><\/div><div class=\"swiper-slide-inner\" ><div class=\"swiper-slide-contents\"><div class=\"elementor-slide-heading\">Avure HPP<\/div><div class=\"elementor-slide-description\"><p>Parceiro Tecnol\u00f3gico de M\u00e1quinas HPP<\/p>\n<\/div><\/div><\/div><\/div>\t\t\t\t<\/div>\n\t\t\t\t\t\t\t<\/div>\n\t\t\t\t<\/div>\n\t\t\t\t\t\t\t\t<\/div>\n\t\t\t\t<\/div>\n\t\t\t\t\t<\/div>\n\t\t<\/div>\n\t\t\t\t\t<\/div>\n\t\t<\/section>\n\t\t\t\t<section class=\"elementor-section elementor-top-section elementor-element elementor-element-9ca3df9 elementor-section-boxed elementor-section-height-default elementor-section-height-default qodef-elementor-content-no\" data-id=\"9ca3df9\" data-element_type=\"section\" data-e-type=\"section\">\n\t\t\t\t\t\t<div class=\"elementor-container elementor-column-gap-default\">\n\t\t\t\t\t<div class=\"elementor-column elementor-col-50 elementor-top-column elementor-element elementor-element-c584101\" data-id=\"c584101\" data-element_type=\"column\" data-e-type=\"column\">\n\t\t\t<div class=\"elementor-widget-wrap elementor-element-populated\">\n\t\t\t\t\t\t<div class=\"elementor-element elementor-element-5a74be7 elementor-widget elementor-widget-image\" data-id=\"5a74be7\" data-element_type=\"widget\" data-e-type=\"widget\" data-widget_type=\"image.default\">\n\t\t\t\t<div class=\"elementor-widget-container\">\n\t\t\t\t\t\t\t\t\t\t\t\t\t\t\t<img fetchpriority=\"high\" decoding=\"async\" width=\"384\" height=\"248\" src=\"https:\/\/idro.es\/wp-content\/uploads\/2015\/07\/avure-logo-trans-02.png\" class=\"attachment-full size-full wp-image-5335\" alt=\"\" srcset=\"https:\/\/idro.es\/wp-content\/uploads\/2015\/07\/avure-logo-trans-02.png 384w, https:\/\/idro.es\/wp-content\/uploads\/2015\/07\/avure-logo-trans-02-300x194.png 300w\" sizes=\"(max-width: 384px) 100vw, 384px\" \/>\t\t\t\t\t\t\t\t\t\t\t\t\t\t\t<\/div>\n\t\t\t\t<\/div>\n\t\t\t\t\t<\/div>\n\t\t<\/div>\n\t\t\t\t<div class=\"elementor-column elementor-col-50 elementor-top-column elementor-element elementor-element-1a87869\" data-id=\"1a87869\" data-element_type=\"column\" data-e-type=\"column\">\n\t\t\t<div class=\"elementor-widget-wrap elementor-element-populated\">\n\t\t\t\t\t\t<div class=\"elementor-element elementor-element-8507711 elementor-widget elementor-widget-heading\" data-id=\"8507711\" data-element_type=\"widget\" data-e-type=\"widget\" data-widget_type=\"heading.default\">\n\t\t\t\t<div class=\"elementor-widget-container\">\n\t\t\t\t\t<h2 class=\"elementor-heading-title elementor-size-default\">M\u00e1quinas Avure HPP<\/h2>\t\t\t\t<\/div>\n\t\t\t\t<\/div>\n\t\t\t\t<div class=\"elementor-element elementor-element-09e8ffb elementor-widget__width-initial elementor-widget elementor-widget-text-editor\" data-id=\"09e8ffb\" data-element_type=\"widget\" data-e-type=\"widget\" data-widget_type=\"text-editor.default\">\n\t\t\t\t<div class=\"elementor-widget-container\">\n\t\t\t\t\t\t\t\t\t<p>Os seus elevados padr\u00f5es de seguran\u00e7a e de qualidade garantem o processo adequado para que os seus produtos cheguem nas melhores condi\u00e7\u00f5es ao mercado. Prova disso \u00e9 que 98% das suas m\u00e1quinas instaladas desde a d\u00e9cada de 1960 ainda est\u00e3o em funcionamento.<\/p><p>O seu avan\u00e7ado conhecimento cient\u00edfico sobre as propriedades de pasteuriza\u00e7\u00e3o por altas press\u00f5es permitem recomendar-lhe as melhores solu\u00e7\u00f5es, poupando tempo e dinheiro no momento de tomar decis\u00f5es.<\/p><p>Talvez seja por isso que o tratamento com tecnologia HPP de 60% dos alimentos mundiais tenha sido feito nas instala\u00e7\u00f5es da <a href=\"https:\/\/www.jbtc.com\/foodtech\/es\/products-and-solutions\/brands\/avure-technologies\/\">AVURE<\/a>.<\/p>\t\t\t\t\t\t\t\t<\/div>\n\t\t\t\t<\/div>\n\t\t\t\t\t<\/div>\n\t\t<\/div>\n\t\t\t\t\t<\/div>\n\t\t<\/section>\n\t\t\t\t<section class=\"elementor-section elementor-top-section elementor-element elementor-element-c8263e8 elementor-section-boxed elementor-section-height-default elementor-section-height-default qodef-elementor-content-no\" data-id=\"c8263e8\" data-element_type=\"section\" data-e-type=\"section\">\n\t\t\t\t\t\t<div class=\"elementor-container elementor-column-gap-default\">\n\t\t\t\t\t<div class=\"elementor-column elementor-col-100 elementor-top-column elementor-element elementor-element-cb25c92\" data-id=\"cb25c92\" data-element_type=\"column\" data-e-type=\"column\">\n\t\t\t<div class=\"elementor-widget-wrap elementor-element-populated\">\n\t\t\t\t\t\t<div class=\"elementor-element elementor-element-2616bb8 elementor-widget elementor-widget-video\" data-id=\"2616bb8\" data-element_type=\"widget\" data-e-type=\"widget\" data-settings=\"{&quot;video_type&quot;:&quot;hosted&quot;,&quot;show_image_overlay&quot;:&quot;yes&quot;,&quot;image_overlay&quot;:{&quot;url&quot;:&quot;https:\\\/\\\/idro.es\\\/wp-content\\\/uploads\\\/2025\\\/04\\\/Avure_Sig_Horz_CMYK-scaled.jpg&quot;,&quot;id&quot;:21766,&quot;size&quot;:&quot;&quot;,&quot;alt&quot;:&quot;&quot;,&quot;source&quot;:&quot;library&quot;},&quot;controls&quot;:&quot;yes&quot;}\" data-widget_type=\"video.default\">\n\t\t\t\t<div class=\"elementor-widget-container\">\n\t\t\t\t\t\t\t<div class=\"e-hosted-video elementor-wrapper elementor-open-inline\">\n\t\t\t\t\t<video class=\"elementor-video\" src=\"https:\/\/idro.es\/video\/%C2%BFQue_son_los_procesos_con_alta_presi%C3%B3n.mp4\" controls=\"\" preload=\"metadata\" controlsList=\"nodownload\"><\/video>\n\t\t\t\t\t\t<div class=\"elementor-custom-embed-image-overlay\" style=\"background-image: url(https:\/\/idro.es\/wp-content\/uploads\/2025\/04\/Avure_Sig_Horz_CMYK-scaled.jpg);\">\n\t\t\t\t\t\t\t\t\t\t\t\t\t\t\t\t<div class=\"elementor-custom-embed-play\" role=\"button\" aria-label=\"Reproduzir v\u00eddeo\" tabindex=\"0\">\n\t\t\t\t\t\t\t<i aria-hidden=\"true\" class=\"eicon-play\"><\/i>\t\t\t\t\t\t<\/div>\n\t\t\t\t\t\t\t\t\t<\/div>\n\t\t\t\t\t<\/div>\n\t\t\t\t\t\t<\/div>\n\t\t\t\t<\/div>\n\t\t\t\t\t<\/div>\n\t\t<\/div>\n\t\t\t\t\t<\/div>\n\t\t<\/section>\n\t\t\t\t<\/div>\n\t\t","protected":false},"excerpt":{"rendered":"<p>Avure HPP Parceiro Tecnol\u00f3gico de M\u00e1quinas HPP M\u00e1quinas Avure HPP Os seus elevados padr\u00f5es de seguran\u00e7a e de qualidade garantem o processo adequado para que os seus produtos cheguem nas melhores condi\u00e7\u00f5es ao mercado. Prova disso \u00e9 que 98% das suas m\u00e1quinas instaladas desde a d\u00e9cada de 1960 ainda est\u00e3o em funcionamento. O seu avan\u00e7ado [&hellip;]<\/p>\n","protected":false},"author":14,"featured_media":0,"parent":0,"menu_order":0,"comment_status":"closed","ping_status":"closed","template":"","meta":{"footnotes":""},"class_list":["post-23068","page","type-page","status-publish","hentry"],"yoast_head":"<!-- This site is optimized with the Yoast SEO plugin v27.3 - https:\/\/yoast.com\/product\/yoast-seo-wordpress\/ -->\n<title>Avure M\u00e1quinas HPP - Nosso Parceiro Tecnol\u00f3gico - IDRO<\/title>\n<meta name=\"description\" content=\"A AVURE fabrica as melhores m\u00e1quinas HPP (High Pressure Processing ou Altas Press\u00f5es Hidrost\u00e1ticas) para pasteuriza\u00e7\u00e3o a frio.\" \/>\n<meta name=\"robots\" content=\"index, follow, max-snippet:-1, max-image-preview:large, max-video-preview:-1\" \/>\n<link rel=\"canonical\" href=\"https:\/\/idro.es\/pt-pt\/avure-maquinas-hpp\/\" \/>\n<meta property=\"og:locale\" content=\"pt_PT\" \/>\n<meta property=\"og:type\" content=\"article\" \/>\n<meta property=\"og:title\" content=\"Avure M\u00e1quinas HPP - Nosso Parceiro Tecnol\u00f3gico - IDRO\" \/>\n<meta property=\"og:description\" content=\"A AVURE fabrica as melhores m\u00e1quinas HPP (High Pressure Processing ou Altas Press\u00f5es Hidrost\u00e1ticas) para pasteuriza\u00e7\u00e3o a frio.\" \/>\n<meta property=\"og:url\" content=\"https:\/\/idro.es\/pt-pt\/avure-maquinas-hpp\/\" \/>\n<meta property=\"og:site_name\" content=\"IDRO\" \/>\n<meta property=\"article:modified_time\" content=\"2025-07-25T09:33:34+00:00\" \/>\n<meta property=\"og:image\" content=\"https:\/\/idro.es\/wp-content\/uploads\/2015\/07\/avure-logo-trans-02.png\" \/>\n\t<meta property=\"og:image:width\" content=\"384\" \/>\n\t<meta property=\"og:image:height\" content=\"248\" \/>\n\t<meta property=\"og:image:type\" content=\"image\/png\" \/>\n<meta name=\"twitter:card\" content=\"summary_large_image\" \/>\n<meta name=\"twitter:label1\" content=\"Tempo estimado de leitura\" \/>\n\t<meta name=\"twitter:data1\" content=\"1 minuto\" \/>\n<script type=\"application\/ld+json\" class=\"yoast-schema-graph\">{\"@context\":\"https:\\\/\\\/schema.org\",\"@graph\":[{\"@type\":\"WebPage\",\"@id\":\"https:\\\/\\\/idro.es\\\/pt-pt\\\/avure-maquinas-hpp\\\/\",\"url\":\"https:\\\/\\\/idro.es\\\/pt-pt\\\/avure-maquinas-hpp\\\/\",\"name\":\"Avure M\u00e1quinas HPP - Nosso Parceiro Tecnol\u00f3gico - IDRO\",\"isPartOf\":{\"@id\":\"https:\\\/\\\/idro.es\\\/#website\"},\"primaryImageOfPage\":{\"@id\":\"https:\\\/\\\/idro.es\\\/pt-pt\\\/avure-maquinas-hpp\\\/#primaryimage\"},\"image\":{\"@id\":\"https:\\\/\\\/idro.es\\\/pt-pt\\\/avure-maquinas-hpp\\\/#primaryimage\"},\"thumbnailUrl\":\"https:\\\/\\\/idro.es\\\/wp-content\\\/uploads\\\/2015\\\/07\\\/avure-logo-trans-02.png\",\"datePublished\":\"2025-07-25T09:32:21+00:00\",\"dateModified\":\"2025-07-25T09:33:34+00:00\",\"description\":\"A AVURE fabrica as melhores m\u00e1quinas HPP (High Pressure Processing ou Altas Press\u00f5es Hidrost\u00e1ticas) para pasteuriza\u00e7\u00e3o a frio.\",\"breadcrumb\":{\"@id\":\"https:\\\/\\\/idro.es\\\/pt-pt\\\/avure-maquinas-hpp\\\/#breadcrumb\"},\"inLanguage\":\"pt-PT\",\"potentialAction\":[{\"@type\":\"ReadAction\",\"target\":[\"https:\\\/\\\/idro.es\\\/pt-pt\\\/avure-maquinas-hpp\\\/\"]}]},{\"@type\":\"ImageObject\",\"inLanguage\":\"pt-PT\",\"@id\":\"https:\\\/\\\/idro.es\\\/pt-pt\\\/avure-maquinas-hpp\\\/#primaryimage\",\"url\":\"https:\\\/\\\/idro.es\\\/wp-content\\\/uploads\\\/2015\\\/07\\\/avure-logo-trans-02.png\",\"contentUrl\":\"https:\\\/\\\/idro.es\\\/wp-content\\\/uploads\\\/2015\\\/07\\\/avure-logo-trans-02.png\"},{\"@type\":\"BreadcrumbList\",\"@id\":\"https:\\\/\\\/idro.es\\\/pt-pt\\\/avure-maquinas-hpp\\\/#breadcrumb\",\"itemListElement\":[{\"@type\":\"ListItem\",\"position\":1,\"name\":\"IDRO - HPP\",\"item\":\"https:\\\/\\\/idro.es\\\/\"},{\"@type\":\"ListItem\",\"position\":2,\"name\":\"Avure M\u00e1quinas HPP\"}]},{\"@type\":\"WebSite\",\"@id\":\"https:\\\/\\\/idro.es\\\/#website\",\"url\":\"https:\\\/\\\/idro.es\\\/\",\"name\":\"IDRO\",\"description\":\"HPP Food Technology\",\"publisher\":{\"@id\":\"https:\\\/\\\/idro.es\\\/#organization\"},\"potentialAction\":[{\"@type\":\"SearchAction\",\"target\":{\"@type\":\"EntryPoint\",\"urlTemplate\":\"https:\\\/\\\/idro.es\\\/?s={search_term_string}\"},\"query-input\":{\"@type\":\"PropertyValueSpecification\",\"valueRequired\":true,\"valueName\":\"search_term_string\"}}],\"inLanguage\":\"pt-PT\"},{\"@type\":\"Organization\",\"@id\":\"https:\\\/\\\/idro.es\\\/#organization\",\"name\":\"Idro\",\"url\":\"https:\\\/\\\/idro.es\\\/\",\"logo\":{\"@type\":\"ImageObject\",\"inLanguage\":\"pt-PT\",\"@id\":\"https:\\\/\\\/idro.es\\\/#\\\/schema\\\/logo\\\/image\\\/\",\"url\":\"https:\\\/\\\/idro.es\\\/wp-content\\\/uploads\\\/2015\\\/09\\\/logo_header7.jpg\",\"contentUrl\":\"https:\\\/\\\/idro.es\\\/wp-content\\\/uploads\\\/2015\\\/09\\\/logo_header7.jpg\",\"width\":648,\"height\":149,\"caption\":\"Idro\"},\"image\":{\"@id\":\"https:\\\/\\\/idro.es\\\/#\\\/schema\\\/logo\\\/image\\\/\"},\"sameAs\":[\"https:\\\/\\\/www.youtube.com\\\/channel\\\/UCThdYuqEo6cvevQbZBVlDqg\",\"https:\\\/\\\/www.linkedin.com\\\/company\\\/idro-hpp-food-technology-s-l\\\/\"]}]}<\/script>\n<!-- \/ Yoast SEO plugin. -->","yoast_head_json":{"title":"Avure M\u00e1quinas HPP - Nosso Parceiro Tecnol\u00f3gico - IDRO","description":"A AVURE fabrica as melhores m\u00e1quinas HPP (High Pressure Processing ou Altas Press\u00f5es Hidrost\u00e1ticas) para pasteuriza\u00e7\u00e3o a frio.","robots":{"index":"index","follow":"follow","max-snippet":"max-snippet:-1","max-image-preview":"max-image-preview:large","max-video-preview":"max-video-preview:-1"},"canonical":"https:\/\/idro.es\/pt-pt\/avure-maquinas-hpp\/","og_locale":"pt_PT","og_type":"article","og_title":"Avure M\u00e1quinas HPP - Nosso Parceiro Tecnol\u00f3gico - IDRO","og_description":"A AVURE fabrica as melhores m\u00e1quinas HPP (High Pressure Processing ou Altas Press\u00f5es Hidrost\u00e1ticas) para pasteuriza\u00e7\u00e3o a frio.","og_url":"https:\/\/idro.es\/pt-pt\/avure-maquinas-hpp\/","og_site_name":"IDRO","article_modified_time":"2025-07-25T09:33:34+00:00","og_image":[{"width":384,"height":248,"url":"https:\/\/idro.es\/wp-content\/uploads\/2015\/07\/avure-logo-trans-02.png","type":"image\/png"}],"twitter_card":"summary_large_image","twitter_misc":{"Tempo estimado de leitura":"1 minuto"},"schema":{"@context":"https:\/\/schema.org","@graph":[{"@type":"WebPage","@id":"https:\/\/idro.es\/pt-pt\/avure-maquinas-hpp\/","url":"https:\/\/idro.es\/pt-pt\/avure-maquinas-hpp\/","name":"Avure M\u00e1quinas HPP - Nosso Parceiro Tecnol\u00f3gico - IDRO","isPartOf":{"@id":"https:\/\/idro.es\/#website"},"primaryImageOfPage":{"@id":"https:\/\/idro.es\/pt-pt\/avure-maquinas-hpp\/#primaryimage"},"image":{"@id":"https:\/\/idro.es\/pt-pt\/avure-maquinas-hpp\/#primaryimage"},"thumbnailUrl":"https:\/\/idro.es\/wp-content\/uploads\/2015\/07\/avure-logo-trans-02.png","datePublished":"2025-07-25T09:32:21+00:00","dateModified":"2025-07-25T09:33:34+00:00","description":"A AVURE fabrica as melhores m\u00e1quinas HPP (High Pressure Processing ou Altas Press\u00f5es Hidrost\u00e1ticas) para pasteuriza\u00e7\u00e3o a frio.","breadcrumb":{"@id":"https:\/\/idro.es\/pt-pt\/avure-maquinas-hpp\/#breadcrumb"},"inLanguage":"pt-PT","potentialAction":[{"@type":"ReadAction","target":["https:\/\/idro.es\/pt-pt\/avure-maquinas-hpp\/"]}]},{"@type":"ImageObject","inLanguage":"pt-PT","@id":"https:\/\/idro.es\/pt-pt\/avure-maquinas-hpp\/#primaryimage","url":"https:\/\/idro.es\/wp-content\/uploads\/2015\/07\/avure-logo-trans-02.png","contentUrl":"https:\/\/idro.es\/wp-content\/uploads\/2015\/07\/avure-logo-trans-02.png"},{"@type":"BreadcrumbList","@id":"https:\/\/idro.es\/pt-pt\/avure-maquinas-hpp\/#breadcrumb","itemListElement":[{"@type":"ListItem","position":1,"name":"IDRO - HPP","item":"https:\/\/idro.es\/"},{"@type":"ListItem","position":2,"name":"Avure M\u00e1quinas HPP"}]},{"@type":"WebSite","@id":"https:\/\/idro.es\/#website","url":"https:\/\/idro.es\/","name":"IDRO","description":"HPP Food Technology","publisher":{"@id":"https:\/\/idro.es\/#organization"},"potentialAction":[{"@type":"SearchAction","target":{"@type":"EntryPoint","urlTemplate":"https:\/\/idro.es\/?s={search_term_string}"},"query-input":{"@type":"PropertyValueSpecification","valueRequired":true,"valueName":"search_term_string"}}],"inLanguage":"pt-PT"},{"@type":"Organization","@id":"https:\/\/idro.es\/#organization","name":"Idro","url":"https:\/\/idro.es\/","logo":{"@type":"ImageObject","inLanguage":"pt-PT","@id":"https:\/\/idro.es\/#\/schema\/logo\/image\/","url":"https:\/\/idro.es\/wp-content\/uploads\/2015\/09\/logo_header7.jpg","contentUrl":"https:\/\/idro.es\/wp-content\/uploads\/2015\/09\/logo_header7.jpg","width":648,"height":149,"caption":"Idro"},"image":{"@id":"https:\/\/idro.es\/#\/schema\/logo\/image\/"},"sameAs":["https:\/\/www.youtube.com\/channel\/UCThdYuqEo6cvevQbZBVlDqg","https:\/\/www.linkedin.com\/company\/idro-hpp-food-technology-s-l\/"]}]}},"_links":{"self":[{"href":"https:\/\/idro.es\/pt-pt\/wp-json\/wp\/v2\/pages\/23068","targetHints":{"allow":["GET"]}}],"collection":[{"href":"https:\/\/idro.es\/pt-pt\/wp-json\/wp\/v2\/pages"}],"about":[{"href":"https:\/\/idro.es\/pt-pt\/wp-json\/wp\/v2\/types\/page"}],"author":[{"embeddable":true,"href":"https:\/\/idro.es\/pt-pt\/wp-json\/wp\/v2\/users\/14"}],"replies":[{"embeddable":true,"href":"https:\/\/idro.es\/pt-pt\/wp-json\/wp\/v2\/comments?post=23068"}],"version-history":[{"count":0,"href":"https:\/\/idro.es\/pt-pt\/wp-json\/wp\/v2\/pages\/23068\/revisions"}],"wp:attachment":[{"href":"https:\/\/idro.es\/pt-pt\/wp-json\/wp\/v2\/media?parent=23068"}],"curies":[{"name":"wp","href":"https:\/\/api.w.org\/{rel}","templated":true}]}}